{"id":18,"date":"2025-04-12T15:41:16","date_gmt":"2025-04-12T18:41:16","guid":{"rendered":"http:\/\/localhost:8080\/?page_id=18"},"modified":"2025-05-05T01:06:30","modified_gmt":"2025-05-05T04:06:30","slug":"trabalhos","status":"publish","type":"page","link":"https:\/\/gustavosilvestre.com.br\/en\/trabalhos\/","title":{"rendered":"Trabalhos"},"content":{"rendered":"<hr class=\"wp-block-separator has-text-color has-contrast-color has-alpha-channel-opacity has-contrast-background-color has-background\" style=\"margin-top:var(--wp--preset--spacing--40);margin-bottom:var(--wp--preset--spacing--40)\"\/>\n\n\n\n<div class=\"wp-block-group alignwide is-nowrap is-layout-flex wp-container-core-group-is-layout-f8ce51fb wp-block-group-is-layout-flex\" style=\"padding-top:var(--wp--preset--spacing--30);padding-bottom:var(--wp--preset--spacing--30)\">\n<h2 class=\"wp-block-heading has-xx-large-font-size\">TRABALHOS<\/h2>\n<\/div>\n\n\n\n<div class=\"wp-block-query alignwide eplus-wrapper is-layout-flow wp-block-query-is-layout-flow\"><ul style=\"padding-right:0;padding-left:0;margin-right:0;margin-left:0;\" class=\"columns-4 wp-block-post-template is-layout-grid wp-container-core-post-template-is-layout-f61cf311 wp-block-post-template-is-layout-grid\"><li class=\"wp-block-post post-443 post type-post status-publish format-standard has-post-thumbnail hentry category-obra\">\n\n<div class=\"wp-block-group is-vertical is-content-justification-center is-layout-flex wp-container-core-group-is-layout-22bd6919 wp-block-group-is-layout-flex\" style=\"padding-top:var(--wp--preset--spacing--20);padding-bottom:var(--wp--preset--spacing--20)\"><figure style=\"aspect-ratio:2\/3; margin-top:var(--wp--preset--spacing--20);margin-bottom:var(--wp--preset--spacing--20);\" class=\"wp-block-post-featured-image\"><a href=\"https:\/\/gustavosilvestre.com.br\/en\/obra\/performance-06\/\" target=\"_self\"  ><img loading=\"lazy\" decoding=\"async\" width=\"2560\" height=\"1780\" src=\"https:\/\/gustavosilvestre.com.br\/wp-content\/uploads\/2025\/04\/Copia-de-METAMORFOSE-foto-RUBENS-NETO-scaled.jpg\" class=\"attachment-post-thumbnail size-post-thumbnail wp-post-image\" alt=\"METAMORFOSE (2022)\" style=\"width:100%;height:100%;object-fit:cover;\" srcset=\"https:\/\/gustavosilvestre.com.br\/wp-content\/uploads\/2025\/04\/Copia-de-METAMORFOSE-foto-RUBENS-NETO-scaled.jpg 2560w, https:\/\/gustavosilvestre.com.br\/wp-content\/uploads\/2025\/04\/Copia-de-METAMORFOSE-foto-RUBENS-NETO-300x209.jpg 300w, https:\/\/gustavosilvestre.com.br\/wp-content\/uploads\/2025\/04\/Copia-de-METAMORFOSE-foto-RUBENS-NETO-1024x712.jpg 1024w, https:\/\/gustavosilvestre.com.br\/wp-content\/uploads\/2025\/04\/Copia-de-METAMORFOSE-foto-RUBENS-NETO-768x534.jpg 768w, https:\/\/gustavosilvestre.com.br\/wp-content\/uploads\/2025\/04\/Copia-de-METAMORFOSE-foto-RUBENS-NETO-1536x1068.jpg 1536w, https:\/\/gustavosilvestre.com.br\/wp-content\/uploads\/2025\/04\/Copia-de-METAMORFOSE-foto-RUBENS-NETO-2048x1424.jpg 2048w\" sizes=\"auto, (max-width: 2560px) 100vw, 2560px\" \/><\/a><\/figure>\n\n<h2 style=\"text-transform:capitalize; padding-right:0;padding-left:0;padding-top:var(--wp--preset--spacing--20);padding-bottom:var(--wp--preset--spacing--20);margin-top:0%;margin-bottom:0%;\" class=\"has-text-align-center wp-block-post-title has-large-font-size has-futura-lt-bt-font-family\">METAMORFOSE (2022)<\/h2><\/div>\n\n<\/li><li class=\"wp-block-post post-442 post type-post status-publish format-standard has-post-thumbnail hentry category-obra\">\n\n<div class=\"wp-block-group is-vertical is-content-justification-center is-layout-flex wp-container-core-group-is-layout-22bd6919 wp-block-group-is-layout-flex\" style=\"padding-top:var(--wp--preset--spacing--20);padding-bottom:var(--wp--preset--spacing--20)\"><figure style=\"aspect-ratio:2\/3; margin-top:var(--wp--preset--spacing--20);margin-bottom:var(--wp--preset--spacing--20);\" class=\"wp-block-post-featured-image\"><a href=\"https:\/\/gustavosilvestre.com.br\/en\/obra\/performance-05\/\" target=\"_self\"  ><img loading=\"lazy\" decoding=\"async\" width=\"2560\" height=\"1707\" src=\"https:\/\/gustavosilvestre.com.br\/wp-content\/uploads\/2025\/04\/Copia-de-Foto-Marcella-Landeiro-scaled.jpg\" class=\"attachment-post-thumbnail size-post-thumbnail wp-post-image\" alt=\"COSMOS COLAPSO (2024)\" style=\"width:100%;height:100%;object-fit:cover;\" srcset=\"https:\/\/gustavosilvestre.com.br\/wp-content\/uploads\/2025\/04\/Copia-de-Foto-Marcella-Landeiro-scaled.jpg 2560w, https:\/\/gustavosilvestre.com.br\/wp-content\/uploads\/2025\/04\/Copia-de-Foto-Marcella-Landeiro-300x200.jpg 300w, https:\/\/gustavosilvestre.com.br\/wp-content\/uploads\/2025\/04\/Copia-de-Foto-Marcella-Landeiro-1024x683.jpg 1024w, https:\/\/gustavosilvestre.com.br\/wp-content\/uploads\/2025\/04\/Copia-de-Foto-Marcella-Landeiro-768x512.jpg 768w, https:\/\/gustavosilvestre.com.br\/wp-content\/uploads\/2025\/04\/Copia-de-Foto-Marcella-Landeiro-1536x1024.jpg 1536w, https:\/\/gustavosilvestre.com.br\/wp-content\/uploads\/2025\/04\/Copia-de-Foto-Marcella-Landeiro-2048x1365.jpg 2048w\" sizes=\"auto, (max-width: 2560px) 100vw, 2560px\" \/><\/a><\/figure>\n\n<h2 style=\"text-transform:capitalize; padding-right:0;padding-left:0;padding-top:var(--wp--preset--spacing--20);padding-bottom:var(--wp--preset--spacing--20);margin-top:0%;margin-bottom:0%;\" class=\"has-text-align-center wp-block-post-title has-large-font-size has-futura-lt-bt-font-family\">COSMOS COLAPSO (2024)<\/h2><\/div>\n\n<\/li><li class=\"wp-block-post post-441 post type-post status-publish format-standard has-post-thumbnail hentry category-obra\">\n\n<div class=\"wp-block-group is-vertical is-content-justification-center is-layout-flex wp-container-core-group-is-layout-22bd6919 wp-block-group-is-layout-flex\" style=\"padding-top:var(--wp--preset--spacing--20);padding-bottom:var(--wp--preset--spacing--20)\"><figure style=\"aspect-ratio:2\/3; margin-top:var(--wp--preset--spacing--20);margin-bottom:var(--wp--preset--spacing--20);\" class=\"wp-block-post-featured-image\"><a href=\"https:\/\/gustavosilvestre.com.br\/en\/obra\/performance-04\/\" target=\"_self\"  ><img loading=\"lazy\" decoding=\"async\" width=\"1280\" height=\"854\" src=\"https:\/\/gustavosilvestre.com.br\/wp-content\/uploads\/2025\/04\/um-breve-instante-para-o-agora.-foto-Isabela-imendes-2.jpg\" class=\"attachment-post-thumbnail size-post-thumbnail wp-post-image\" alt=\"UM BREVE INSTANTE PARA O AGORA (2024)\" style=\"width:100%;height:100%;object-fit:cover;\" srcset=\"https:\/\/gustavosilvestre.com.br\/wp-content\/uploads\/2025\/04\/um-breve-instante-para-o-agora.-foto-Isabela-imendes-2.jpg 1280w, https:\/\/gustavosilvestre.com.br\/wp-content\/uploads\/2025\/04\/um-breve-instante-para-o-agora.-foto-Isabela-imendes-2-300x200.jpg 300w, https:\/\/gustavosilvestre.com.br\/wp-content\/uploads\/2025\/04\/um-breve-instante-para-o-agora.-foto-Isabela-imendes-2-1024x683.jpg 1024w, https:\/\/gustavosilvestre.com.br\/wp-content\/uploads\/2025\/04\/um-breve-instante-para-o-agora.-foto-Isabela-imendes-2-768x512.jpg 768w\" sizes=\"auto, (max-width: 1280px) 100vw, 1280px\" \/><\/a><\/figure>\n\n<h2 style=\"text-transform:capitalize; padding-right:0;padding-left:0;padding-top:var(--wp--preset--spacing--20);padding-bottom:var(--wp--preset--spacing--20);margin-top:0%;margin-bottom:0%;\" class=\"has-text-align-center wp-block-post-title has-large-font-size has-futura-lt-bt-font-family\">UM BREVE INSTANTE PARA O AGORA (2024)<\/h2><\/div>\n\n<\/li><li class=\"wp-block-post post-440 post type-post status-publish format-standard has-post-thumbnail hentry category-obra\">\n\n<div class=\"wp-block-group is-vertical is-content-justification-center is-layout-flex wp-container-core-group-is-layout-22bd6919 wp-block-group-is-layout-flex\" style=\"padding-top:var(--wp--preset--spacing--20);padding-bottom:var(--wp--preset--spacing--20)\"><figure style=\"aspect-ratio:2\/3; margin-top:var(--wp--preset--spacing--20);margin-bottom:var(--wp--preset--spacing--20);\" class=\"wp-block-post-featured-image\"><a href=\"https:\/\/gustavosilvestre.com.br\/en\/obra\/performance-03\/\" target=\"_self\"  ><img loading=\"lazy\" decoding=\"async\" width=\"1280\" height=\"720\" src=\"https:\/\/gustavosilvestre.com.br\/wp-content\/uploads\/2025\/04\/Copia-de-DEDALO.-gustavo-silvestre.-foto-Larry-Machado1.jpeg\" class=\"attachment-post-thumbnail size-post-thumbnail wp-post-image\" alt=\"D\u00c9DALO (2021)\" style=\"width:100%;height:100%;object-fit:cover;\" srcset=\"https:\/\/gustavosilvestre.com.br\/wp-content\/uploads\/2025\/04\/Copia-de-DEDALO.-gustavo-silvestre.-foto-Larry-Machado1.jpeg 1280w, https:\/\/gustavosilvestre.com.br\/wp-content\/uploads\/2025\/04\/Copia-de-DEDALO.-gustavo-silvestre.-foto-Larry-Machado1-300x169.jpeg 300w, https:\/\/gustavosilvestre.com.br\/wp-content\/uploads\/2025\/04\/Copia-de-DEDALO.-gustavo-silvestre.-foto-Larry-Machado1-1024x576.jpeg 1024w, https:\/\/gustavosilvestre.com.br\/wp-content\/uploads\/2025\/04\/Copia-de-DEDALO.-gustavo-silvestre.-foto-Larry-Machado1-768x432.jpeg 768w\" sizes=\"auto, (max-width: 1280px) 100vw, 1280px\" \/><\/a><\/figure>\n\n<h2 style=\"text-transform:capitalize; padding-right:0;padding-left:0;padding-top:var(--wp--preset--spacing--20);padding-bottom:var(--wp--preset--spacing--20);margin-top:0%;margin-bottom:0%;\" class=\"has-text-align-center wp-block-post-title has-large-font-size has-futura-lt-bt-font-family\">D\u00c9DALO (2021)<\/h2><\/div>\n\n<\/li><li class=\"wp-block-post post-439 post type-post status-publish format-standard has-post-thumbnail hentry category-obra\">\n\n<div class=\"wp-block-group is-vertical is-content-justification-center is-layout-flex wp-container-core-group-is-layout-22bd6919 wp-block-group-is-layout-flex\" style=\"padding-top:var(--wp--preset--spacing--20);padding-bottom:var(--wp--preset--spacing--20)\"><figure style=\"aspect-ratio:2\/3; margin-top:var(--wp--preset--spacing--20);margin-bottom:var(--wp--preset--spacing--20);\" class=\"wp-block-post-featured-image\"><a href=\"https:\/\/gustavosilvestre.com.br\/en\/obra\/performance-02\/\" target=\"_self\"  ><img loading=\"lazy\" decoding=\"async\" width=\"2560\" height=\"1440\" src=\"https:\/\/gustavosilvestre.com.br\/wp-content\/uploads\/2025\/04\/Copia-de-foto-Larry-Machado-629812936611-scaled.jpg\" class=\"attachment-post-thumbnail size-post-thumbnail wp-post-image\" alt=\"POR DENTRO (2021)\" style=\"width:100%;height:100%;object-fit:cover;\" srcset=\"https:\/\/gustavosilvestre.com.br\/wp-content\/uploads\/2025\/04\/Copia-de-foto-Larry-Machado-629812936611-scaled.jpg 2560w, https:\/\/gustavosilvestre.com.br\/wp-content\/uploads\/2025\/04\/Copia-de-foto-Larry-Machado-629812936611-300x169.jpg 300w, https:\/\/gustavosilvestre.com.br\/wp-content\/uploads\/2025\/04\/Copia-de-foto-Larry-Machado-629812936611-1024x576.jpg 1024w, https:\/\/gustavosilvestre.com.br\/wp-content\/uploads\/2025\/04\/Copia-de-foto-Larry-Machado-629812936611-768x432.jpg 768w, https:\/\/gustavosilvestre.com.br\/wp-content\/uploads\/2025\/04\/Copia-de-foto-Larry-Machado-629812936611-1536x864.jpg 1536w, https:\/\/gustavosilvestre.com.br\/wp-content\/uploads\/2025\/04\/Copia-de-foto-Larry-Machado-629812936611-2048x1152.jpg 2048w\" sizes=\"auto, (max-width: 2560px) 100vw, 2560px\" \/><\/a><\/figure>\n\n<h2 style=\"text-transform:capitalize; padding-right:0;padding-left:0;padding-top:var(--wp--preset--spacing--20);padding-bottom:var(--wp--preset--spacing--20);margin-top:0%;margin-bottom:0%;\" class=\"has-text-align-center wp-block-post-title has-large-font-size has-futura-lt-bt-font-family\">POR DENTRO (2021)<\/h2><\/div>\n\n<\/li><li class=\"wp-block-post post-434 post type-post status-publish format-standard has-post-thumbnail hentry category-obra\">\n\n<div class=\"wp-block-group is-vertical is-content-justification-center is-layout-flex wp-container-core-group-is-layout-22bd6919 wp-block-group-is-layout-flex\" style=\"padding-top:var(--wp--preset--spacing--20);padding-bottom:var(--wp--preset--spacing--20)\"><figure style=\"aspect-ratio:2\/3; margin-top:var(--wp--preset--spacing--20);margin-bottom:var(--wp--preset--spacing--20);\" class=\"wp-block-post-featured-image\"><a href=\"https:\/\/gustavosilvestre.com.br\/en\/obra\/performance-01\/\" target=\"_self\"  ><img loading=\"lazy\" decoding=\"async\" width=\"2553\" height=\"2560\" src=\"https:\/\/gustavosilvestre.com.br\/wp-content\/uploads\/2025\/04\/DSC06320-1-scaled.jpg\" class=\"attachment-post-thumbnail size-post-thumbnail wp-post-image\" alt=\"Workshop DAN\u00c7A E IMPROVISA\u00c7\u00c3O\" style=\"width:100%;height:100%;object-fit:cover;\" srcset=\"https:\/\/gustavosilvestre.com.br\/wp-content\/uploads\/2025\/04\/DSC06320-1-scaled.jpg 2553w, https:\/\/gustavosilvestre.com.br\/wp-content\/uploads\/2025\/04\/DSC06320-1-300x300.jpg 300w, https:\/\/gustavosilvestre.com.br\/wp-content\/uploads\/2025\/04\/DSC06320-1-1021x1024.jpg 1021w, https:\/\/gustavosilvestre.com.br\/wp-content\/uploads\/2025\/04\/DSC06320-1-150x150.jpg 150w, https:\/\/gustavosilvestre.com.br\/wp-content\/uploads\/2025\/04\/DSC06320-1-768x770.jpg 768w, https:\/\/gustavosilvestre.com.br\/wp-content\/uploads\/2025\/04\/DSC06320-1-1532x1536.jpg 1532w, https:\/\/gustavosilvestre.com.br\/wp-content\/uploads\/2025\/04\/DSC06320-1-2042x2048.jpg 2042w\" sizes=\"auto, (max-width: 2553px) 100vw, 2553px\" \/><\/a><\/figure>\n\n<h2 style=\"text-transform:capitalize; padding-right:0;padding-left:0;padding-top:var(--wp--preset--spacing--20);padding-bottom:var(--wp--preset--spacing--20);margin-top:0%;margin-bottom:0%;\" class=\"has-text-align-center wp-block-post-title has-large-font-size has-futura-lt-bt-font-family\">Workshop DAN\u00c7A E IMPROVISA\u00c7\u00c3O<\/h2><\/div>\n\n<\/li><li class=\"wp-block-post post-840 post type-post status-publish format-standard has-post-thumbnail hentry category-obra\">\n\n<div class=\"wp-block-group is-vertical is-content-justification-center is-layout-flex wp-container-core-group-is-layout-22bd6919 wp-block-group-is-layout-flex\" style=\"padding-top:var(--wp--preset--spacing--20);padding-bottom:var(--wp--preset--spacing--20)\"><figure style=\"aspect-ratio:2\/3; margin-top:var(--wp--preset--spacing--20);margin-bottom:var(--wp--preset--spacing--20);\" class=\"wp-block-post-featured-image\"><a href=\"https:\/\/gustavosilvestre.com.br\/en\/obra\/metamorfose-2022-clone\/\" target=\"_self\"  ><img loading=\"lazy\" decoding=\"async\" width=\"1920\" height=\"2560\" src=\"https:\/\/gustavosilvestre.com.br\/wp-content\/uploads\/2025\/04\/Copia-de-IMG-20241109-WA0019-scaled.jpg\" class=\"attachment-post-thumbnail size-post-thumbnail wp-post-image\" alt=\"A\u00c7\u00d5ES FORMATIVAS\" style=\"width:100%;height:100%;object-fit:cover;\" srcset=\"https:\/\/gustavosilvestre.com.br\/wp-content\/uploads\/2025\/04\/Copia-de-IMG-20241109-WA0019-scaled.jpg 1920w, https:\/\/gustavosilvestre.com.br\/wp-content\/uploads\/2025\/04\/Copia-de-IMG-20241109-WA0019-225x300.jpg 225w, https:\/\/gustavosilvestre.com.br\/wp-content\/uploads\/2025\/04\/Copia-de-IMG-20241109-WA0019-768x1024.jpg 768w, https:\/\/gustavosilvestre.com.br\/wp-content\/uploads\/2025\/04\/Copia-de-IMG-20241109-WA0019-1152x1536.jpg 1152w, https:\/\/gustavosilvestre.com.br\/wp-content\/uploads\/2025\/04\/Copia-de-IMG-20241109-WA0019-1536x2048.jpg 1536w\" sizes=\"auto, (max-width: 1920px) 100vw, 1920px\" \/><\/a><\/figure>\n\n<h2 style=\"text-transform:capitalize; padding-right:0;padding-left:0;padding-top:var(--wp--preset--spacing--20);padding-bottom:var(--wp--preset--spacing--20);margin-top:0%;margin-bottom:0%;\" class=\"has-text-align-center wp-block-post-title has-large-font-size has-futura-lt-bt-font-family\">A\u00c7\u00d5ES FORMATIVAS<\/h2><\/div>\n\n<\/li><\/ul>\n\n\n<div class=\"wp-block-group eplus-wrapper is-layout-flow wp-block-group-is-layout-flow\" style=\"margin-top:var(--wp--preset--spacing--60);margin-bottom:var(--wp--preset--spacing--60)\"><\/div>\n<\/div>\n\n\n\n<div class=\"wp-block-group alignwide has-global-padding is-layout-constrained wp-block-group-is-layout-constrained\">\n<hr class=\"wp-block-separator has-text-color has-contrast-color has-alpha-channel-opacity has-contrast-background-color has-background\" style=\"margin-top:var(--wp--preset--spacing--40);margin-bottom:var(--wp--preset--spacing--40)\"\/>\n<\/div>\n\n\n\n<div style=\"height:32px\" aria-hidden=\"true\" class=\"wp-block-spacer\"><\/div>","protected":false},"excerpt":{"rendered":"<p>TRABALHOS<\/p>","protected":false},"author":1,"featured_media":0,"parent":0,"menu_order":0,"comment_status":"closed","ping_status":"closed","template":"","meta":{"_uag_custom_page_level_css":"","footnotes":""},"class_list":["post-18","page","type-page","status-publish","hentry"],"uagb_featured_image_src":{"full":false,"thumbnail":false,"medium":false,"medium_large":false,"large":false,"1536x1536":false,"2048x2048":false,"trp-custom-language-flag":false},"uagb_author_info":{"display_name":"borisrodriguesweb@gmail.com","author_link":"https:\/\/gustavosilvestre.com.br\/en\/author\/borisrodrigueswebgmail-com\/"},"uagb_comment_info":0,"uagb_excerpt":"TRABALHOS","_links":{"self":[{"href":"https:\/\/gustavosilvestre.com.br\/en\/wp-json\/wp\/v2\/pages\/18","targetHints":{"allow":["GET"]}}],"collection":[{"href":"https:\/\/gustavosilvestre.com.br\/en\/wp-json\/wp\/v2\/pages"}],"about":[{"href":"https:\/\/gustavosilvestre.com.br\/en\/wp-json\/wp\/v2\/types\/page"}],"author":[{"embeddable":true,"href":"https:\/\/gustavosilvestre.com.br\/en\/wp-json\/wp\/v2\/users\/1"}],"replies":[{"embeddable":true,"href":"https:\/\/gustavosilvestre.com.br\/en\/wp-json\/wp\/v2\/comments?post=18"}],"version-history":[{"count":54,"href":"https:\/\/gustavosilvestre.com.br\/en\/wp-json\/wp\/v2\/pages\/18\/revisions"}],"predecessor-version":[{"id":1106,"href":"https:\/\/gustavosilvestre.com.br\/en\/wp-json\/wp\/v2\/pages\/18\/revisions\/1106"}],"wp:attachment":[{"href":"https:\/\/gustavosilvestre.com.br\/en\/wp-json\/wp\/v2\/media?parent=18"}],"curies":[{"name":"wp","href":"https:\/\/api.w.org\/{rel}","templated":true}]}}