{"id":22,"date":"2025-04-12T15:41:34","date_gmt":"2025-04-12T18:41:34","guid":{"rendered":"http:\/\/localhost:8080\/?page_id=22"},"modified":"2025-05-14T16:17:41","modified_gmt":"2025-05-14T19:17:41","slug":"agenda","status":"publish","type":"page","link":"https:\/\/gustavosilvestre.com.br\/en\/agenda\/","title":{"rendered":"Agenda"},"content":{"rendered":"<div class=\"wp-block-group alignfull has-global-padding is-layout-constrained wp-block-group-is-layout-constrained\" style=\"margin-top:0;margin-bottom:0;padding-top:0;padding-bottom:0\">\n<div class=\"wp-block-group alignwide has-global-padding is-layout-constrained wp-block-group-is-layout-constrained\">\n<hr class=\"wp-block-separator has-text-color has-contrast-color has-alpha-channel-opacity has-contrast-background-color has-background\" style=\"margin-top:var(--wp--preset--spacing--40);margin-bottom:var(--wp--preset--spacing--40)\"\/>\n\n\n\n<div class=\"wp-block-group alignwide is-nowrap is-layout-flex wp-container-core-group-is-layout-f8ce51fb wp-block-group-is-layout-flex\" style=\"padding-top:var(--wp--preset--spacing--30);padding-bottom:var(--wp--preset--spacing--30)\">\n<h2 class=\"wp-block-heading has-xx-large-font-size\">Agenda<\/h2>\n<\/div>\n<\/div>\n\n\n\n<div class=\"wp-block-group alignwide is-layout-flow wp-block-group-is-layout-flow\">\n<p>Estes s\u00e3o alguns eventos pr\u00f3ximos.<\/p>\n\n\n\n<div style=\"height:var(--wp--preset--spacing--30)\" aria-hidden=\"true\" class=\"wp-block-spacer\"><\/div>\n\n\n\n<div class=\"wp-block-group is-vertical is-content-justification-stretch is-layout-flex wp-container-core-group-is-layout-2a24861a wp-block-group-is-layout-flex\" style=\"border-top-color:var(--wp--preset--color--accent-6);border-top-width:1px;padding-top:var(--wp--preset--spacing--40);padding-bottom:var(--wp--preset--spacing--40)\">\n<div class=\"wp-block-columns is-layout-flex wp-container-core-columns-is-layout-28f84493 wp-block-columns-is-layout-flex\">\n<div class=\"wp-block-column is-vertically-aligned-top is-layout-flow wp-block-column-is-layout-flow\" style=\"flex-basis:40%\">\n<h3 class=\"wp-block-heading\">TER, 3 de jUN<\/h3>\n<\/div>\n\n\n\n<div class=\"wp-block-column is-vertically-aligned-top is-layout-flow wp-block-column-is-layout-flow\" style=\"flex-basis:60%\">\n<div class=\"wp-block-columns is-not-stacked-on-mobile is-layout-flex wp-container-core-columns-is-layout-7255d826 wp-block-columns-is-layout-flex\" style=\"margin-top:var(--wp--preset--spacing--40);margin-bottom:var(--wp--preset--spacing--40)\">\n<div class=\"wp-block-column is-layout-flow wp-block-column-is-layout-flow\" style=\"flex-basis:33.33%\">\n<figure class=\"wp-block-image size-full wp-container-content-9d2aa341\"><img loading=\"lazy\" decoding=\"async\" width=\"2560\" height=\"1707\" src=\"https:\/\/gustavosilvestre.com.br\/wp-content\/uploads\/2025\/04\/Copia-de-Copia-de-METAMORFOSE-foto-RUBENS-NETO-scaled.jpg\" alt=\"\" class=\"wp-image-554\" style=\"aspect-ratio:1;object-fit:cover\" srcset=\"https:\/\/gustavosilvestre.com.br\/wp-content\/uploads\/2025\/04\/Copia-de-Copia-de-METAMORFOSE-foto-RUBENS-NETO-scaled.jpg 2560w, https:\/\/gustavosilvestre.com.br\/wp-content\/uploads\/2025\/04\/Copia-de-Copia-de-METAMORFOSE-foto-RUBENS-NETO-300x200.jpg 300w, https:\/\/gustavosilvestre.com.br\/wp-content\/uploads\/2025\/04\/Copia-de-Copia-de-METAMORFOSE-foto-RUBENS-NETO-1024x683.jpg 1024w, https:\/\/gustavosilvestre.com.br\/wp-content\/uploads\/2025\/04\/Copia-de-Copia-de-METAMORFOSE-foto-RUBENS-NETO-768x512.jpg 768w, https:\/\/gustavosilvestre.com.br\/wp-content\/uploads\/2025\/04\/Copia-de-Copia-de-METAMORFOSE-foto-RUBENS-NETO-1536x1024.jpg 1536w, https:\/\/gustavosilvestre.com.br\/wp-content\/uploads\/2025\/04\/Copia-de-Copia-de-METAMORFOSE-foto-RUBENS-NETO-2048x1365.jpg 2048w\" sizes=\"auto, (max-width: 2560px) 100vw, 2560px\" \/><\/figure>\n<\/div>\n\n\n\n<div class=\"wp-block-column is-layout-flow wp-block-column-is-layout-flow\" style=\"flex-basis:66.66%\">\n<div class=\"wp-block-group is-vertical is-content-justification-stretch is-layout-flex wp-container-core-group-is-layout-353c4f5a wp-block-group-is-layout-flex\">\n<div class=\"wp-block-group is-vertical is-content-justification-stretch is-layout-flex wp-container-core-group-is-layout-7e003bba wp-block-group-is-layout-flex\">\n<h4 class=\"wp-block-heading btn02\"><a href=\"https:\/\/gustavosilvestre.com.br\/en\/obra\/performance-06\/\" target=\"_blank\" rel=\"noreferrer noopener\">METAMORFOSE<\/a><\/h4>\n\n\n\n<p>18:30 &#8211; 20:00<\/p>\n<\/div>\n\n\n\n<p class=\"has-small-font-size\">Largo do Pa\u00e7o &#8211; Braga\/Portugal <\/p>\n\n\n\n<p><a href=\"https:\/\/maps.app.goo.gl\/yjVMp1Khf64YjR2a9\">Localiza\u00e7\u00e3o<\/a><\/p>\n<\/div>\n<\/div>\n<\/div>\n\n\n\n<div class=\"wp-block-columns is-not-stacked-on-mobile is-layout-flex wp-container-core-columns-is-layout-7255d826 wp-block-columns-is-layout-flex\" style=\"margin-top:var(--wp--preset--spacing--40);margin-bottom:var(--wp--preset--spacing--40)\">\n<div class=\"wp-block-column is-layout-flow wp-block-column-is-layout-flow\" style=\"flex-basis:33.33%\">\n<figure class=\"wp-block-image size-full wp-container-content-9d2aa341\"><img loading=\"lazy\" decoding=\"async\" width=\"1920\" height=\"1080\" src=\"https:\/\/gustavosilvestre.com.br\/wp-content\/uploads\/2025\/04\/GUSTAVO-SILVESTRE.-PORTIFOLIO-PT_compressed-3.pdf-2.png\" alt=\"\" class=\"wp-image-636\" style=\"aspect-ratio:1;object-fit:cover\" srcset=\"https:\/\/gustavosilvestre.com.br\/wp-content\/uploads\/2025\/04\/GUSTAVO-SILVESTRE.-PORTIFOLIO-PT_compressed-3.pdf-2.png 1920w, https:\/\/gustavosilvestre.com.br\/wp-content\/uploads\/2025\/04\/GUSTAVO-SILVESTRE.-PORTIFOLIO-PT_compressed-3.pdf-2-300x169.png 300w, https:\/\/gustavosilvestre.com.br\/wp-content\/uploads\/2025\/04\/GUSTAVO-SILVESTRE.-PORTIFOLIO-PT_compressed-3.pdf-2-1024x576.png 1024w, https:\/\/gustavosilvestre.com.br\/wp-content\/uploads\/2025\/04\/GUSTAVO-SILVESTRE.-PORTIFOLIO-PT_compressed-3.pdf-2-768x432.png 768w, https:\/\/gustavosilvestre.com.br\/wp-content\/uploads\/2025\/04\/GUSTAVO-SILVESTRE.-PORTIFOLIO-PT_compressed-3.pdf-2-1536x864.png 1536w\" sizes=\"auto, (max-width: 1920px) 100vw, 1920px\" \/><\/figure>\n<\/div>\n\n\n\n<div class=\"wp-block-column is-layout-flow wp-block-column-is-layout-flow\" style=\"flex-basis:66.66%\">\n<div class=\"wp-block-group is-vertical is-content-justification-stretch is-layout-flex wp-container-core-group-is-layout-353c4f5a wp-block-group-is-layout-flex\">\n<div class=\"wp-block-group is-vertical is-content-justification-stretch is-layout-flex wp-container-core-group-is-layout-7e003bba wp-block-group-is-layout-flex\">\n<h4 class=\"wp-block-heading btn02\"><a href=\"https:\/\/gustavosilvestre.com.br\/en\/obra\/performance-05\/\" target=\"_blank\" rel=\"noreferrer noopener\">\u00c0 DEFINIR<\/a><\/h4>\n\n\n\n<p><\/p>\n<\/div>\n\n\n\n<p class=\"has-small-font-size\"><\/p>\n<\/div>\n<\/div>\n<\/div>\n\n\n\n<div class=\"wp-block-columns is-not-stacked-on-mobile is-layout-flex wp-container-core-columns-is-layout-7255d826 wp-block-columns-is-layout-flex\" style=\"margin-top:var(--wp--preset--spacing--40);margin-bottom:var(--wp--preset--spacing--40)\">\n<div class=\"wp-block-column is-layout-flow wp-block-column-is-layout-flow\" style=\"flex-basis:33.33%\">\n<figure class=\"wp-block-image size-full wp-container-content-9d2aa341\"><img loading=\"lazy\" decoding=\"async\" width=\"1920\" height=\"1080\" src=\"https:\/\/gustavosilvestre.com.br\/wp-content\/uploads\/2025\/04\/GUSTAVO-SILVESTRE.-PORTIFOLIO-PT_compressed-3.pdf-2.png\" alt=\"\" class=\"wp-image-636\" style=\"aspect-ratio:1;object-fit:cover\" srcset=\"https:\/\/gustavosilvestre.com.br\/wp-content\/uploads\/2025\/04\/GUSTAVO-SILVESTRE.-PORTIFOLIO-PT_compressed-3.pdf-2.png 1920w, https:\/\/gustavosilvestre.com.br\/wp-content\/uploads\/2025\/04\/GUSTAVO-SILVESTRE.-PORTIFOLIO-PT_compressed-3.pdf-2-300x169.png 300w, https:\/\/gustavosilvestre.com.br\/wp-content\/uploads\/2025\/04\/GUSTAVO-SILVESTRE.-PORTIFOLIO-PT_compressed-3.pdf-2-1024x576.png 1024w, https:\/\/gustavosilvestre.com.br\/wp-content\/uploads\/2025\/04\/GUSTAVO-SILVESTRE.-PORTIFOLIO-PT_compressed-3.pdf-2-768x432.png 768w, https:\/\/gustavosilvestre.com.br\/wp-content\/uploads\/2025\/04\/GUSTAVO-SILVESTRE.-PORTIFOLIO-PT_compressed-3.pdf-2-1536x864.png 1536w\" sizes=\"auto, (max-width: 1920px) 100vw, 1920px\" \/><\/figure>\n<\/div>\n\n\n\n<div class=\"wp-block-column is-layout-flow wp-block-column-is-layout-flow\" style=\"flex-basis:66.66%\">\n<div class=\"wp-block-group is-vertical is-content-justification-stretch is-layout-flex wp-container-core-group-is-layout-353c4f5a wp-block-group-is-layout-flex\">\n<div class=\"wp-block-group is-vertical is-content-justification-stretch is-layout-flex wp-container-core-group-is-layout-7e003bba wp-block-group-is-layout-flex\">\n<h4 class=\"wp-block-heading btn02\"><a href=\"#\">\u00c0 definir<\/a><\/h4>\n\n\n\n<p><\/p>\n<\/div>\n\n\n\n<p class=\"has-small-font-size\"><\/p>\n<\/div>\n<\/div>\n<\/div>\n<\/div>\n<\/div>\n<\/div>\n\n\n\n<div style=\"height:140px\" aria-hidden=\"true\" class=\"wp-block-spacer\"><\/div>\n\n\n\n<div class=\"wp-block-group is-vertical is-content-justification-stretch is-layout-flex wp-container-core-group-is-layout-2a24861a wp-block-group-is-layout-flex\" style=\"border-top-color:var(--wp--preset--color--accent-6);border-top-width:1px;padding-top:var(--wp--preset--spacing--40);padding-bottom:var(--wp--preset--spacing--40)\">\n<div class=\"wp-block-columns is-layout-flex wp-container-core-columns-is-layout-28f84493 wp-block-columns-is-layout-flex\">\n<div class=\"wp-block-column is-vertically-aligned-top is-layout-flow wp-block-column-is-layout-flow\" style=\"flex-basis:40%\">\n<h3 class=\"wp-block-heading\"><\/h3>\n<\/div>\n\n\n\n<div class=\"wp-block-column is-vertically-aligned-top is-layout-flow wp-block-column-is-layout-flow\" style=\"flex-basis:60%\">\n<div class=\"wp-block-columns is-not-stacked-on-mobile is-layout-flex wp-container-core-columns-is-layout-7255d826 wp-block-columns-is-layout-flex\" style=\"margin-top:var(--wp--preset--spacing--40);margin-bottom:var(--wp--preset--spacing--40)\">\n<div class=\"wp-block-column is-layout-flow wp-block-column-is-layout-flow\" style=\"flex-basis:33.33%\">\n<figure class=\"wp-block-image size-full wp-container-content-9d2aa341\"><img loading=\"lazy\" decoding=\"async\" width=\"1920\" height=\"1080\" src=\"https:\/\/gustavosilvestre.com.br\/wp-content\/uploads\/2025\/04\/GUSTAVO-SILVESTRE.-PORTIFOLIO-PT_compressed-3.pdf-2.png\" alt=\"\" class=\"wp-image-636\" style=\"aspect-ratio:1;object-fit:cover\" srcset=\"https:\/\/gustavosilvestre.com.br\/wp-content\/uploads\/2025\/04\/GUSTAVO-SILVESTRE.-PORTIFOLIO-PT_compressed-3.pdf-2.png 1920w, https:\/\/gustavosilvestre.com.br\/wp-content\/uploads\/2025\/04\/GUSTAVO-SILVESTRE.-PORTIFOLIO-PT_compressed-3.pdf-2-300x169.png 300w, https:\/\/gustavosilvestre.com.br\/wp-content\/uploads\/2025\/04\/GUSTAVO-SILVESTRE.-PORTIFOLIO-PT_compressed-3.pdf-2-1024x576.png 1024w, https:\/\/gustavosilvestre.com.br\/wp-content\/uploads\/2025\/04\/GUSTAVO-SILVESTRE.-PORTIFOLIO-PT_compressed-3.pdf-2-768x432.png 768w, https:\/\/gustavosilvestre.com.br\/wp-content\/uploads\/2025\/04\/GUSTAVO-SILVESTRE.-PORTIFOLIO-PT_compressed-3.pdf-2-1536x864.png 1536w\" sizes=\"auto, (max-width: 1920px) 100vw, 1920px\" \/><\/figure>\n<\/div>\n\n\n\n<div class=\"wp-block-column is-layout-flow wp-block-column-is-layout-flow\" style=\"flex-basis:66.66%\">\n<div class=\"wp-block-group is-vertical is-content-justification-stretch is-layout-flex wp-container-core-group-is-layout-353c4f5a wp-block-group-is-layout-flex\">\n<div class=\"wp-block-group is-vertical is-content-justification-stretch is-layout-flex wp-container-core-group-is-layout-7e003bba wp-block-group-is-layout-flex\">\n<h4 class=\"wp-block-heading\"><a href=\"#\"><\/a><a href=\"#\">\u00c0 definir<\/a><\/h4>\n\n\n\n<p><\/p>\n<\/div>\n\n\n\n<p class=\"has-small-font-size\"><\/p>\n<\/div>\n<\/div>\n<\/div>\n\n\n\n<div class=\"wp-block-columns is-not-stacked-on-mobile is-layout-flex wp-container-core-columns-is-layout-7255d826 wp-block-columns-is-layout-flex\" style=\"margin-top:var(--wp--preset--spacing--40);margin-bottom:var(--wp--preset--spacing--40)\">\n<div class=\"wp-block-column is-layout-flow wp-block-column-is-layout-flow\" style=\"flex-basis:33.33%\">\n<figure class=\"wp-block-image size-full wp-container-content-9d2aa341\"><img loading=\"lazy\" decoding=\"async\" width=\"1920\" height=\"1080\" src=\"https:\/\/gustavosilvestre.com.br\/wp-content\/uploads\/2025\/04\/GUSTAVO-SILVESTRE.-PORTIFOLIO-PT_compressed-3.pdf-2.png\" alt=\"\" class=\"wp-image-636\" style=\"aspect-ratio:1;object-fit:cover\" srcset=\"https:\/\/gustavosilvestre.com.br\/wp-content\/uploads\/2025\/04\/GUSTAVO-SILVESTRE.-PORTIFOLIO-PT_compressed-3.pdf-2.png 1920w, https:\/\/gustavosilvestre.com.br\/wp-content\/uploads\/2025\/04\/GUSTAVO-SILVESTRE.-PORTIFOLIO-PT_compressed-3.pdf-2-300x169.png 300w, https:\/\/gustavosilvestre.com.br\/wp-content\/uploads\/2025\/04\/GUSTAVO-SILVESTRE.-PORTIFOLIO-PT_compressed-3.pdf-2-1024x576.png 1024w, https:\/\/gustavosilvestre.com.br\/wp-content\/uploads\/2025\/04\/GUSTAVO-SILVESTRE.-PORTIFOLIO-PT_compressed-3.pdf-2-768x432.png 768w, https:\/\/gustavosilvestre.com.br\/wp-content\/uploads\/2025\/04\/GUSTAVO-SILVESTRE.-PORTIFOLIO-PT_compressed-3.pdf-2-1536x864.png 1536w\" sizes=\"auto, (max-width: 1920px) 100vw, 1920px\" \/><\/figure>\n<\/div>\n\n\n\n<div class=\"wp-block-column is-layout-flow wp-block-column-is-layout-flow\" style=\"flex-basis:66.66%\">\n<div class=\"wp-block-group is-vertical is-content-justification-stretch is-layout-flex wp-container-core-group-is-layout-353c4f5a wp-block-group-is-layout-flex\">\n<div class=\"wp-block-group is-vertical is-content-justification-stretch is-layout-flex wp-container-core-group-is-layout-7e003bba wp-block-group-is-layout-flex\">\n<h4 class=\"wp-block-heading\"><a href=\"#\"><\/a><a href=\"#\">\u00c0 definir<\/a><\/h4>\n\n\n\n<p><\/p>\n<\/div>\n\n\n\n<p class=\"has-small-font-size\"><\/p>\n<\/div>\n<\/div>\n<\/div>\n<\/div>\n<\/div>\n<\/div>\n<\/div>\n<\/div>\n\n\n\n<div class=\"wp-block-group alignwide has-global-padding is-layout-constrained wp-block-group-is-layout-constrained\">\n<hr class=\"wp-block-separator has-text-color has-contrast-color has-alpha-channel-opacity has-contrast-background-color has-background\" style=\"margin-top:var(--wp--preset--spacing--40);margin-bottom:var(--wp--preset--spacing--40)\"\/>\n<\/div>\n\n\n\n<div style=\"height:32px\" aria-hidden=\"true\" class=\"wp-block-spacer\"><\/div>","protected":false},"excerpt":{"rendered":"<p>Agenda Estes s\u00e3o alguns eventos pr\u00f3ximos. TER, 3 de jUN METAMORFOSE 18:30 &#8211; 20:00 Largo do Pa\u00e7o &#8211; Braga\/Portugal Localiza\u00e7\u00e3o \u00c0 DEFINIR \u00c0 definir \u00c0 definir \u00c0 definir<\/p>","protected":false},"author":1,"featured_media":0,"parent":0,"menu_order":0,"comment_status":"closed","ping_status":"closed","template":"","meta":{"_uag_custom_page_level_css":"","footnotes":""},"class_list":["post-22","page","type-page","status-publish","hentry"],"uagb_featured_image_src":{"full":false,"thumbnail":false,"medium":false,"medium_large":false,"large":false,"1536x1536":false,"2048x2048":false,"trp-custom-language-flag":false},"uagb_author_info":{"display_name":"borisrodriguesweb@gmail.com","author_link":"https:\/\/gustavosilvestre.com.br\/en\/author\/borisrodrigueswebgmail-com\/"},"uagb_comment_info":0,"uagb_excerpt":"Agenda Estes s\u00e3o alguns eventos pr\u00f3ximos. TER, 3 de jUN METAMORFOSE 18:30 &#8211; 20:00 Largo do Pa\u00e7o &#8211; Braga\/Portugal Localiza\u00e7\u00e3o \u00c0 DEFINIR \u00c0 definir \u00c0 definir \u00c0 definir","_links":{"self":[{"href":"https:\/\/gustavosilvestre.com.br\/en\/wp-json\/wp\/v2\/pages\/22","targetHints":{"allow":["GET"]}}],"collection":[{"href":"https:\/\/gustavosilvestre.com.br\/en\/wp-json\/wp\/v2\/pages"}],"about":[{"href":"https:\/\/gustavosilvestre.com.br\/en\/wp-json\/wp\/v2\/types\/page"}],"author":[{"embeddable":true,"href":"https:\/\/gustavosilvestre.com.br\/en\/wp-json\/wp\/v2\/users\/1"}],"replies":[{"embeddable":true,"href":"https:\/\/gustavosilvestre.com.br\/en\/wp-json\/wp\/v2\/comments?post=22"}],"version-history":[{"count":13,"href":"https:\/\/gustavosilvestre.com.br\/en\/wp-json\/wp\/v2\/pages\/22\/revisions"}],"predecessor-version":[{"id":1201,"href":"https:\/\/gustavosilvestre.com.br\/en\/wp-json\/wp\/v2\/pages\/22\/revisions\/1201"}],"wp:attachment":[{"href":"https:\/\/gustavosilvestre.com.br\/en\/wp-json\/wp\/v2\/media?parent=22"}],"curies":[{"name":"wp","href":"https:\/\/api.w.org\/{rel}","templated":true}]}}