{"id":342,"date":"2025-04-21T15:52:46","date_gmt":"2025-04-21T18:52:46","guid":{"rendered":"http:\/\/localhost:8080\/?page_id=342"},"modified":"2025-05-05T17:23:30","modified_gmt":"2025-05-05T20:23:30","slug":"home-2","status":"publish","type":"page","link":"https:\/\/gustavosilvestre.com.br\/en\/","title":{"rendered":"Home"},"content":{"rendered":"<div style=\"height:30px\" aria-hidden=\"true\" class=\"wp-block-spacer\"><\/div>\n\n\n\n<div class=\"wp-block-group alignfull has-global-padding is-layout-constrained wp-block-group-is-layout-constrained\">\n<div class=\"wp-block-cb-carousel alignfull cb-single-slide\" data-slick=\"{&quot;slidesToShow&quot;:1,&quot;slidesToScroll&quot;:1,&quot;speed&quot;:300,&quot;arrows&quot;:true,&quot;dots&quot;:true,&quot;autoplay&quot;:true,&quot;autoplaySpeed&quot;:3000,&quot;infinite&quot;:true,&quot;responsive&quot;:[{&quot;breakpoint&quot;:769,&quot;settings&quot;:{&quot;slidesToShow&quot;:1,&quot;slidesToScroll&quot;:1}}]}\">\n<div class=\"wp-block-cb-slide\">\n<figure class=\"wp-block-image aligncenter size-large is-resized\"><img loading=\"lazy\" decoding=\"async\" width=\"1024\" height=\"683\" src=\"https:\/\/gustavosilvestre.com.br\/wp-content\/uploads\/2025\/04\/Copia-de-Copia-de-METAMORFOSE-foto-ANDRE-MIRANDA-1024x683.jpg\" alt=\"\" class=\"wp-image-536\" style=\"object-fit:cover;width:1920px;height:600px\" srcset=\"https:\/\/gustavosilvestre.com.br\/wp-content\/uploads\/2025\/04\/Copia-de-Copia-de-METAMORFOSE-foto-ANDRE-MIRANDA-1024x683.jpg 1024w, https:\/\/gustavosilvestre.com.br\/wp-content\/uploads\/2025\/04\/Copia-de-Copia-de-METAMORFOSE-foto-ANDRE-MIRANDA-300x200.jpg 300w, https:\/\/gustavosilvestre.com.br\/wp-content\/uploads\/2025\/04\/Copia-de-Copia-de-METAMORFOSE-foto-ANDRE-MIRANDA-768x512.jpg 768w, https:\/\/gustavosilvestre.com.br\/wp-content\/uploads\/2025\/04\/Copia-de-Copia-de-METAMORFOSE-foto-ANDRE-MIRANDA-1536x1024.jpg 1536w, https:\/\/gustavosilvestre.com.br\/wp-content\/uploads\/2025\/04\/Copia-de-Copia-de-METAMORFOSE-foto-ANDRE-MIRANDA-2048x1365.jpg 2048w\" sizes=\"auto, (max-width: 1024px) 100vw, 1024px\" \/><\/figure>\n<\/div>\n\n\n\n<div class=\"wp-block-cb-slide\">\n<figure class=\"wp-block-image size-large is-resized\"><img loading=\"lazy\" decoding=\"async\" width=\"1024\" height=\"576\" src=\"https:\/\/gustavosilvestre.com.br\/wp-content\/uploads\/2025\/04\/Copia-de-Copia-de-foto-Larry-Machado-62981293661-1024x576.jpg\" alt=\"\" class=\"wp-image-533\" style=\"object-fit:cover;width:1920px;height:600px\" srcset=\"https:\/\/gustavosilvestre.com.br\/wp-content\/uploads\/2025\/04\/Copia-de-Copia-de-foto-Larry-Machado-62981293661-1024x576.jpg 1024w, https:\/\/gustavosilvestre.com.br\/wp-content\/uploads\/2025\/04\/Copia-de-Copia-de-foto-Larry-Machado-62981293661-300x169.jpg 300w, https:\/\/gustavosilvestre.com.br\/wp-content\/uploads\/2025\/04\/Copia-de-Copia-de-foto-Larry-Machado-62981293661-768x432.jpg 768w, https:\/\/gustavosilvestre.com.br\/wp-content\/uploads\/2025\/04\/Copia-de-Copia-de-foto-Larry-Machado-62981293661-1536x864.jpg 1536w, https:\/\/gustavosilvestre.com.br\/wp-content\/uploads\/2025\/04\/Copia-de-Copia-de-foto-Larry-Machado-62981293661-2048x1152.jpg 2048w\" sizes=\"auto, (max-width: 1024px) 100vw, 1024px\" \/><\/figure>\n<\/div>\n\n\n\n<div class=\"wp-block-cb-slide\">\n<figure class=\"wp-block-image size-large is-resized\"><img loading=\"lazy\" decoding=\"async\" width=\"1024\" height=\"683\" src=\"https:\/\/gustavosilvestre.com.br\/wp-content\/uploads\/2025\/04\/Copia-de-Foto-Marcella-Landeiro-1-1024x683.jpg\" alt=\"\" class=\"wp-image-578\" style=\"object-fit:cover;width:1920px;height:600px\" srcset=\"https:\/\/gustavosilvestre.com.br\/wp-content\/uploads\/2025\/04\/Copia-de-Foto-Marcella-Landeiro-1-1024x683.jpg 1024w, https:\/\/gustavosilvestre.com.br\/wp-content\/uploads\/2025\/04\/Copia-de-Foto-Marcella-Landeiro-1-300x200.jpg 300w, https:\/\/gustavosilvestre.com.br\/wp-content\/uploads\/2025\/04\/Copia-de-Foto-Marcella-Landeiro-1-768x512.jpg 768w, https:\/\/gustavosilvestre.com.br\/wp-content\/uploads\/2025\/04\/Copia-de-Foto-Marcella-Landeiro-1-1536x1024.jpg 1536w, https:\/\/gustavosilvestre.com.br\/wp-content\/uploads\/2025\/04\/Copia-de-Foto-Marcella-Landeiro-1-2048x1365.jpg 2048w\" sizes=\"auto, (max-width: 1024px) 100vw, 1024px\" \/><\/figure>\n<\/div>\n\n\n\n<div class=\"wp-block-cb-slide\">\n<figure class=\"wp-block-image size-full is-resized\"><img loading=\"lazy\" decoding=\"async\" width=\"2560\" height=\"1707\" src=\"https:\/\/gustavosilvestre.com.br\/wp-content\/uploads\/2025\/04\/Copia-de-METAMORFOSE-foto-LU-BARCELOS-scaled.jpg\" alt=\"\" class=\"wp-image-561\" style=\"object-fit:cover;width:1920px;height:600px\" srcset=\"https:\/\/gustavosilvestre.com.br\/wp-content\/uploads\/2025\/04\/Copia-de-METAMORFOSE-foto-LU-BARCELOS-scaled.jpg 2560w, https:\/\/gustavosilvestre.com.br\/wp-content\/uploads\/2025\/04\/Copia-de-METAMORFOSE-foto-LU-BARCELOS-300x200.jpg 300w, https:\/\/gustavosilvestre.com.br\/wp-content\/uploads\/2025\/04\/Copia-de-METAMORFOSE-foto-LU-BARCELOS-1024x683.jpg 1024w, https:\/\/gustavosilvestre.com.br\/wp-content\/uploads\/2025\/04\/Copia-de-METAMORFOSE-foto-LU-BARCELOS-768x512.jpg 768w, https:\/\/gustavosilvestre.com.br\/wp-content\/uploads\/2025\/04\/Copia-de-METAMORFOSE-foto-LU-BARCELOS-1536x1024.jpg 1536w, https:\/\/gustavosilvestre.com.br\/wp-content\/uploads\/2025\/04\/Copia-de-METAMORFOSE-foto-LU-BARCELOS-2048x1365.jpg 2048w\" sizes=\"auto, (max-width: 2560px) 100vw, 2560px\" \/><\/figure>\n<\/div>\n\n\n\n<div class=\"wp-block-cb-slide\">\n<figure class=\"wp-block-image size-full is-resized\"><img loading=\"lazy\" decoding=\"async\" width=\"2560\" height=\"1707\" src=\"https:\/\/gustavosilvestre.com.br\/wp-content\/uploads\/2025\/04\/Copia-de-Foto-Andre-Miranda-scaled.jpg\" alt=\"\" class=\"wp-image-538\" style=\"object-fit:cover;width:1920px;height:600px\" srcset=\"https:\/\/gustavosilvestre.com.br\/wp-content\/uploads\/2025\/04\/Copia-de-Foto-Andre-Miranda-scaled.jpg 2560w, https:\/\/gustavosilvestre.com.br\/wp-content\/uploads\/2025\/04\/Copia-de-Foto-Andre-Miranda-300x200.jpg 300w, https:\/\/gustavosilvestre.com.br\/wp-content\/uploads\/2025\/04\/Copia-de-Foto-Andre-Miranda-1024x683.jpg 1024w, https:\/\/gustavosilvestre.com.br\/wp-content\/uploads\/2025\/04\/Copia-de-Foto-Andre-Miranda-768x512.jpg 768w, https:\/\/gustavosilvestre.com.br\/wp-content\/uploads\/2025\/04\/Copia-de-Foto-Andre-Miranda-1536x1024.jpg 1536w, https:\/\/gustavosilvestre.com.br\/wp-content\/uploads\/2025\/04\/Copia-de-Foto-Andre-Miranda-2048x1365.jpg 2048w\" sizes=\"auto, (max-width: 2560px) 100vw, 2560px\" \/><\/figure>\n<\/div>\n\n\n\n<div class=\"wp-block-cb-slide\">\n<figure class=\"wp-block-image size-large is-resized\"><img loading=\"lazy\" decoding=\"async\" width=\"1024\" height=\"683\" src=\"https:\/\/gustavosilvestre.com.br\/wp-content\/uploads\/2025\/04\/Copia-de-um-breve-instante-para-o-agora.-foto-Isabela-imendes-4-1024x683.jpg\" alt=\"\" class=\"wp-image-531\" style=\"object-fit:cover;width:1920px;height:600px\" srcset=\"https:\/\/gustavosilvestre.com.br\/wp-content\/uploads\/2025\/04\/Copia-de-um-breve-instante-para-o-agora.-foto-Isabela-imendes-4-1024x683.jpg 1024w, https:\/\/gustavosilvestre.com.br\/wp-content\/uploads\/2025\/04\/Copia-de-um-breve-instante-para-o-agora.-foto-Isabela-imendes-4-300x200.jpg 300w, https:\/\/gustavosilvestre.com.br\/wp-content\/uploads\/2025\/04\/Copia-de-um-breve-instante-para-o-agora.-foto-Isabela-imendes-4-768x512.jpg 768w, https:\/\/gustavosilvestre.com.br\/wp-content\/uploads\/2025\/04\/Copia-de-um-breve-instante-para-o-agora.-foto-Isabela-imendes-4.jpg 1280w\" sizes=\"auto, (max-width: 1024px) 100vw, 1024px\" \/><\/figure>\n<\/div>\n\n\n\n<div class=\"wp-block-cb-slide\">\n<figure class=\"wp-block-image size-large is-resized\"><img loading=\"lazy\" decoding=\"async\" width=\"1024\" height=\"683\" src=\"https:\/\/gustavosilvestre.com.br\/wp-content\/uploads\/2025\/04\/um-breve-instante-para-o-agora.-foto-Isabela-imendes-2-1024x683.jpg\" alt=\"\" class=\"wp-image-547\" style=\"object-fit:cover;width:1920px;height:600px\" srcset=\"https:\/\/gustavosilvestre.com.br\/wp-content\/uploads\/2025\/04\/um-breve-instante-para-o-agora.-foto-Isabela-imendes-2-1024x683.jpg 1024w, https:\/\/gustavosilvestre.com.br\/wp-content\/uploads\/2025\/04\/um-breve-instante-para-o-agora.-foto-Isabela-imendes-2-300x200.jpg 300w, https:\/\/gustavosilvestre.com.br\/wp-content\/uploads\/2025\/04\/um-breve-instante-para-o-agora.-foto-Isabela-imendes-2-768x512.jpg 768w, https:\/\/gustavosilvestre.com.br\/wp-content\/uploads\/2025\/04\/um-breve-instante-para-o-agora.-foto-Isabela-imendes-2.jpg 1280w\" sizes=\"auto, (max-width: 1024px) 100vw, 1024px\" \/><\/figure>\n<\/div>\n<\/div>\n<\/div>\n\n\n\n<div class=\"wp-block-group alignwide eplus-wrapper has-global-padding is-layout-constrained wp-block-group-is-layout-constrained\" style=\"margin-top:var(--wp--preset--spacing--80);margin-bottom:var(--wp--preset--spacing--80)\">\n<hr class=\"wp-block-separator has-text-color has-contrast-color has-alpha-channel-opacity has-contrast-background-color has-background\" style=\"margin-top:var(--wp--preset--spacing--50);margin-bottom:var(--wp--preset--spacing--50)\"\/>\n\n\n\n<div class=\"wp-block-columns alignwide are-vertically-aligned-center is-layout-flex wp-container-core-columns-is-layout-28f84493 wp-block-columns-is-layout-flex\">\n<div class=\"wp-block-column is-vertically-aligned-center is-layout-flow wp-block-column-is-layout-flow\" style=\"flex-basis:100%\">\n<figure class=\"wp-block-image alignright size-large is-resized eplus-wrapper\"><img loading=\"lazy\" decoding=\"async\" width=\"683\" height=\"1024\" src=\"https:\/\/gustavosilvestre.com.br\/wp-content\/uploads\/2025\/04\/Copia-de-um-breve-instante-para-o-agora.-foto-Isabela-imendes-1-683x1024.jpg\" alt=\"\" class=\"wp-image-540\" style=\"aspect-ratio:1;object-fit:cover;width:460px;height:460px\" srcset=\"https:\/\/gustavosilvestre.com.br\/wp-content\/uploads\/2025\/04\/Copia-de-um-breve-instante-para-o-agora.-foto-Isabela-imendes-1-683x1024.jpg 683w, https:\/\/gustavosilvestre.com.br\/wp-content\/uploads\/2025\/04\/Copia-de-um-breve-instante-para-o-agora.-foto-Isabela-imendes-1-200x300.jpg 200w, https:\/\/gustavosilvestre.com.br\/wp-content\/uploads\/2025\/04\/Copia-de-um-breve-instante-para-o-agora.-foto-Isabela-imendes-1-768x1151.jpg 768w, https:\/\/gustavosilvestre.com.br\/wp-content\/uploads\/2025\/04\/Copia-de-um-breve-instante-para-o-agora.-foto-Isabela-imendes-1.jpg 854w\" sizes=\"auto, (max-width: 683px) 100vw, 683px\" \/><\/figure>\n<\/div>\n\n\n\n<div class=\"wp-block-column is-vertically-aligned-center is-layout-flow wp-block-column-is-layout-flow\" style=\"flex-basis:100%\">\n<p class=\"has-text-align-left eplus-wrapper has-futura-bk-bt-font-family has-large-font-size\" style=\"text-transform:none\">Fundada em 2021, a empresa Gustavo Silvestre nasce a partir das demandas de cria\u00e7\u00e3o do artista multilinguagens Gustavo Silvestre do qual possui trabalhos c\u00eanicos e audiovisuais, com uma linguagem contempor\u00e2nea e autoral. Com reconhecimento nacional e internacional, passando por mais de 20 cidades em 7 estados no Brasil e 3 diferentes pa\u00edses, alcan\u00e7ando um p\u00fablico superior a 5 mil espectadores. Hoje, conta com uma equipe experiente nas \u00e1reas da dire\u00e7\u00e3o art\u00edstica, t\u00e9cnica, produ\u00e7\u00e3o e comunica\u00e7\u00e3o, al\u00e9m de uma sede, o Est\u00fadio Silvestre<\/p>\n<\/div>\n<\/div>\n\n\n\n<hr class=\"wp-block-separator has-text-color has-contrast-color has-alpha-channel-opacity has-contrast-background-color has-background\" style=\"margin-top:var(--wp--preset--spacing--50);margin-bottom:var(--wp--preset--spacing--50)\"\/>\n<\/div>\n\n\n\n<figure class=\"wp-block-embed alignfull is-type-video is-provider-youtube wp-block-embed-youtube eplus-wrapper wp-embed-aspect-16-9 wp-has-aspect-ratio\"><div class=\"wp-block-embed__wrapper\">\n<iframe loading=\"lazy\" title=\"GUSTAVO SILVESTRE. HOME. SITE\" width=\"500\" height=\"281\" src=\"https:\/\/www.youtube.com\/embed\/tGe_rzp8ed8?feature=oembed\" frameborder=\"0\" allow=\"accelerometer; autoplay; clipboard-write; encrypted-media; gyroscope; picture-in-picture; web-share\" referrerpolicy=\"strict-origin-when-cross-origin\" allowfullscreen><\/iframe>\n<\/div><\/figure>","protected":false},"excerpt":{"rendered":"","protected":false},"author":1,"featured_media":0,"parent":0,"menu_order":0,"comment_status":"closed","ping_status":"closed","template":"","meta":{"_uag_custom_page_level_css":"","footnotes":""},"class_list":["post-342","page","type-page","status-publish","hentry"],"uagb_featured_image_src":{"full":false,"thumbnail":false,"medium":false,"medium_large":false,"large":false,"1536x1536":false,"2048x2048":false,"trp-custom-language-flag":false},"uagb_author_info":{"display_name":"borisrodriguesweb@gmail.com","author_link":"https:\/\/gustavosilvestre.com.br\/en\/author\/borisrodrigueswebgmail-com\/"},"uagb_comment_info":0,"uagb_excerpt":null,"_links":{"self":[{"href":"https:\/\/gustavosilvestre.com.br\/en\/wp-json\/wp\/v2\/pages\/342","targetHints":{"allow":["GET"]}}],"collection":[{"href":"https:\/\/gustavosilvestre.com.br\/en\/wp-json\/wp\/v2\/pages"}],"about":[{"href":"https:\/\/gustavosilvestre.com.br\/en\/wp-json\/wp\/v2\/types\/page"}],"author":[{"embeddable":true,"href":"https:\/\/gustavosilvestre.com.br\/en\/wp-json\/wp\/v2\/users\/1"}],"replies":[{"embeddable":true,"href":"https:\/\/gustavosilvestre.com.br\/en\/wp-json\/wp\/v2\/comments?post=342"}],"version-history":[{"count":33,"href":"https:\/\/gustavosilvestre.com.br\/en\/wp-json\/wp\/v2\/pages\/342\/revisions"}],"predecessor-version":[{"id":1124,"href":"https:\/\/gustavosilvestre.com.br\/en\/wp-json\/wp\/v2\/pages\/342\/revisions\/1124"}],"wp:attachment":[{"href":"https:\/\/gustavosilvestre.com.br\/en\/wp-json\/wp\/v2\/media?parent=342"}],"curies":[{"name":"wp","href":"https:\/\/api.w.org\/{rel}","templated":true}]}}