{"id":526,"date":"2025-04-22T17:04:27","date_gmt":"2025-04-22T20:04:27","guid":{"rendered":"https:\/\/gustavosilvestre.com.br\/?page_id=526"},"modified":"2025-05-05T17:27:14","modified_gmt":"2025-05-05T20:27:14","slug":"sobre","status":"publish","type":"page","link":"https:\/\/gustavosilvestre.com.br\/en\/sobre\/","title":{"rendered":"Sobre"},"content":{"rendered":"<div class=\"wp-block-group alignwide has-global-padding is-layout-constrained wp-block-group-is-layout-constrained\">\n<hr class=\"wp-block-separator has-text-color has-contrast-color has-alpha-channel-opacity has-contrast-background-color has-background\" style=\"margin-top:var(--wp--preset--spacing--40);margin-bottom:var(--wp--preset--spacing--40)\"\/>\n\n\n\n<div class=\"wp-block-group alignwide is-nowrap is-layout-flex wp-container-core-group-is-layout-f8ce51fb wp-block-group-is-layout-flex\" style=\"padding-top:var(--wp--preset--spacing--30);padding-bottom:var(--wp--preset--spacing--30)\">\n<h2 class=\"wp-block-heading has-xx-large-font-size\">Sobre<\/h2>\n<\/div>\n<\/div>\n\n\n\n<div class=\"wp-block-group alignfull has-global-padding is-layout-constrained wp-block-group-is-layout-constrained\" style=\"margin-top:0;margin-bottom:0\">\n<div class=\"wp-block-group alignwide is-layout-flow wp-container-core-group-is-layout-d58a0413 wp-block-group-is-layout-flow\" style=\"padding-top:var(--wp--preset--spacing--50);padding-bottom:var(--wp--preset--spacing--50)\">\n<div class=\"wp-block-columns is-layout-flex wp-container-core-columns-is-layout-cbe57604 wp-block-columns-is-layout-flex\">\n<div class=\"wp-block-column is-layout-flow wp-block-column-is-layout-flow\">\n<div class=\"wp-block-group is-layout-flow wp-container-core-group-is-layout-f675fbf6 wp-block-group-is-layout-flow\" style=\"border-top-color:var(--wp--preset--color--contrast);border-top-width:2px;padding-top:var(--wp--preset--spacing--30);padding-bottom:var(--wp--preset--spacing--30)\">\n<h3 class=\"wp-block-heading btn02 has-futura-lt-bt-font-family has-xx-large-font-size\"><a href=\"https:\/\/gustavosilvestre.com.br\/en\/sobre\/apresentacao\/\" data-type=\"page\" data-id=\"668\">Apresenta\u00e7\u00e3o<\/a><\/h3>\n\n\n\n<p class=\"has-futura-hv-bt-font-family has-large-font-size\">&#8220;Arte em movimento: do corpo \u00e0 lente, uma trajet\u00f3ria visceral e inovadora.&#8221;<\/p>\n\n\n\n<p class=\"has-futura-lt-bt-font-family has-medium-font-size\">Conhe\u00e7a a hist\u00f3ria da empresa Gustavo Silvestre e mergulhe no universo criativo de um artista multilinguagens.<\/p>\n<\/div>\n<\/div>\n\n\n\n<div class=\"wp-block-column is-layout-flow wp-block-column-is-layout-flow\">\n<div class=\"wp-block-group is-layout-flow wp-container-core-group-is-layout-f675fbf6 wp-block-group-is-layout-flow\" style=\"border-top-color:var(--wp--preset--color--contrast);border-top-width:2px;padding-top:var(--wp--preset--spacing--30);padding-bottom:var(--wp--preset--spacing--30)\">\n<h3 class=\"wp-block-heading btn02 has-futura-lt-bt-font-family has-xx-large-font-size\"><a href=\"https:\/\/gustavosilvestre.com.br\/en\/sobre\/historico\/\" data-type=\"page\" data-id=\"681\">Hist\u00f3rico<\/a><\/h3>\n\n\n\n<p class=\"has-futura-hv-bt-font-family has-large-font-size\">&#8220;Mais de 20 anos de dan\u00e7a, teatro e audiovisual: uma jornada de forma\u00e7\u00e3o, cria\u00e7\u00e3o e conquistas.&#8221;<\/p>\n\n\n\n<p class=\"has-futura-lt-bt-font-family has-medium-font-size\">Explore os caminhos percorridos por Gustavo Silvestre e entenda como sua trajet\u00f3ria art\u00edstica construiu a base de sua linguagem \u00fanica.<\/p>\n<\/div>\n<\/div>\n<\/div>\n\n\n\n<div class=\"wp-block-columns is-layout-flex wp-container-core-columns-is-layout-cbe57604 wp-block-columns-is-layout-flex\">\n<div class=\"wp-block-column is-layout-flow wp-block-column-is-layout-flow\">\n<div class=\"wp-block-group is-layout-flow wp-container-core-group-is-layout-f675fbf6 wp-block-group-is-layout-flow\" style=\"border-top-color:var(--wp--preset--color--contrast);border-top-width:2px;padding-top:var(--wp--preset--spacing--30);padding-bottom:var(--wp--preset--spacing--30)\">\n<h3 class=\"wp-block-heading btn02 has-futura-lt-bt-font-family has-xx-large-font-size\"><a href=\"https:\/\/gustavosilvestre.com.br\/en\/sobre\/equipe\/\" data-type=\"page\" data-id=\"690\">Equipe<\/a><\/h3>\n\n\n\n<p class=\"has-futura-hv-bt-font-family has-large-font-size\">&#8220;Profissionais apaixonados por arte, unidos pela excel\u00eancia e diversidade criativa.&#8221;<\/p>\n\n\n\n<p class=\"has-futura-lt-bt-font-family has-medium-font-size\">Conhe\u00e7a a equipe por tr\u00e1s dos projetos da empresa Gustavo Silvestre e descubra quem torna tudo isso poss\u00edvel.<\/p>\n<\/div>\n<\/div>\n\n\n\n<div class=\"wp-block-column is-layout-flow wp-block-column-is-layout-flow\">\n<div class=\"wp-block-group is-layout-flow wp-container-core-group-is-layout-f675fbf6 wp-block-group-is-layout-flow\" style=\"border-top-color:var(--wp--preset--color--contrast);border-top-width:2px;padding-top:var(--wp--preset--spacing--30);padding-bottom:var(--wp--preset--spacing--30)\">\n<h3 class=\"wp-block-heading btn02 is-style-default has-futura-lt-bt-font-family has-xx-large-font-size\"><a href=\"https:\/\/gustavosilvestre.com.br\/en\/estudio\/\" data-type=\"page\" data-id=\"729\">Est\u00fadio<\/a><\/h3>\n\n\n\n<p class=\"has-futura-hv-bt-font-family has-large-font-size\">&#8220;Um espa\u00e7o de cria\u00e7\u00e3o, estrutura e imagina\u00e7\u00e3o: o cora\u00e7\u00e3o pulsante da produ\u00e7\u00e3o art\u00edstica.&#8221;<\/p>\n\n\n\n<p class=\"has-futura-lt-bt-font-family has-medium-font-size\">Descubra o Est\u00fadio Silvestre, onde nascem e se desenvolvem os espet\u00e1culos, filmes e ideias que comp\u00f5em esse universo art\u00edstico.<\/p>\n<\/div>\n<\/div>\n<\/div>\n<\/div>\n<\/div>\n\n\n\n<div class=\"wp-block-group alignwide has-global-padding is-layout-constrained wp-block-group-is-layout-constrained\">\n<hr class=\"wp-block-separator has-text-color has-contrast-color has-alpha-channel-opacity has-contrast-background-color has-background\" style=\"margin-top:var(--wp--preset--spacing--40);margin-bottom:var(--wp--preset--spacing--40)\"\/>\n<\/div>\n\n\n\n<div style=\"height:32px\" aria-hidden=\"true\" class=\"wp-block-spacer\"><\/div>","protected":false},"excerpt":{"rendered":"<p>Sobre Apresenta\u00e7\u00e3o &#8220;Arte em movimento: do corpo \u00e0 lente, uma trajet\u00f3ria visceral e inovadora.&#8221; Conhe\u00e7a a hist\u00f3ria da empresa Gustavo Silvestre e mergulhe no universo criativo de um artista multilinguagens. Hist\u00f3rico &#8220;Mais de 20 anos de dan\u00e7a, teatro e audiovisual: uma jornada de forma\u00e7\u00e3o, cria\u00e7\u00e3o e conquistas.&#8221; Explore os caminhos percorridos por Gustavo Silvestre e [&hellip;]<\/p>","protected":false},"author":1,"featured_media":0,"parent":0,"menu_order":0,"comment_status":"closed","ping_status":"closed","template":"","meta":{"_uag_custom_page_level_css":"","footnotes":""},"class_list":["post-526","page","type-page","status-publish","hentry"],"uagb_featured_image_src":{"full":false,"thumbnail":false,"medium":false,"medium_large":false,"large":false,"1536x1536":false,"2048x2048":false,"trp-custom-language-flag":false},"uagb_author_info":{"display_name":"borisrodriguesweb@gmail.com","author_link":"https:\/\/gustavosilvestre.com.br\/en\/author\/borisrodrigueswebgmail-com\/"},"uagb_comment_info":0,"uagb_excerpt":"Sobre Apresenta\u00e7\u00e3o &#8220;Arte em movimento: do corpo \u00e0 lente, uma trajet\u00f3ria visceral e inovadora.&#8221; Conhe\u00e7a a hist\u00f3ria da empresa Gustavo Silvestre e mergulhe no universo criativo de um artista multilinguagens. Hist\u00f3rico &#8220;Mais de 20 anos de dan\u00e7a, teatro e audiovisual: uma jornada de forma\u00e7\u00e3o, cria\u00e7\u00e3o e conquistas.&#8221; Explore os caminhos percorridos por Gustavo Silvestre e&hellip;","_links":{"self":[{"href":"https:\/\/gustavosilvestre.com.br\/en\/wp-json\/wp\/v2\/pages\/526","targetHints":{"allow":["GET"]}}],"collection":[{"href":"https:\/\/gustavosilvestre.com.br\/en\/wp-json\/wp\/v2\/pages"}],"about":[{"href":"https:\/\/gustavosilvestre.com.br\/en\/wp-json\/wp\/v2\/types\/page"}],"author":[{"embeddable":true,"href":"https:\/\/gustavosilvestre.com.br\/en\/wp-json\/wp\/v2\/users\/1"}],"replies":[{"embeddable":true,"href":"https:\/\/gustavosilvestre.com.br\/en\/wp-json\/wp\/v2\/comments?post=526"}],"version-history":[{"count":7,"href":"https:\/\/gustavosilvestre.com.br\/en\/wp-json\/wp\/v2\/pages\/526\/revisions"}],"predecessor-version":[{"id":1101,"href":"https:\/\/gustavosilvestre.com.br\/en\/wp-json\/wp\/v2\/pages\/526\/revisions\/1101"}],"wp:attachment":[{"href":"https:\/\/gustavosilvestre.com.br\/en\/wp-json\/wp\/v2\/media?parent=526"}],"curies":[{"name":"wp","href":"https:\/\/api.w.org\/{rel}","templated":true}]}}