{"id":668,"date":"2025-04-28T22:00:05","date_gmt":"2025-04-29T01:00:05","guid":{"rendered":"https:\/\/gustavosilvestre.com.br\/?page_id=668"},"modified":"2025-05-05T17:27:23","modified_gmt":"2025-05-05T20:27:23","slug":"apresentacao","status":"publish","type":"page","link":"https:\/\/gustavosilvestre.com.br\/en\/sobre\/apresentacao\/","title":{"rendered":"Apresenta\u00e7\u00e3o"},"content":{"rendered":"<div class=\"wp-block-group alignwide has-global-padding is-layout-constrained wp-block-group-is-layout-constrained\">\n<hr class=\"wp-block-separator has-text-color has-contrast-color has-alpha-channel-opacity has-contrast-background-color has-background\" style=\"margin-top:var(--wp--preset--spacing--40);margin-bottom:var(--wp--preset--spacing--40)\"\/>\n\n\n\n<div class=\"wp-block-group alignwide is-nowrap is-layout-flex wp-container-core-group-is-layout-f8ce51fb wp-block-group-is-layout-flex\" style=\"padding-top:var(--wp--preset--spacing--30);padding-bottom:var(--wp--preset--spacing--30)\">\n<h2 class=\"wp-block-heading has-xx-large-font-size\">Apresenta\u00e7\u00e3o<\/h2>\n<\/div>\n<\/div>\n\n\n\n<div class=\"wp-block-group has-global-padding is-layout-constrained wp-container-core-group-is-layout-5a30f31b wp-block-group-is-layout-constrained\">\n<p>Fundada em 2021, a empresa Gustavo Silvestre nasce a partir do primeiro trabalho solo do artista ap\u00f3s quase 20 anos de estudos e trabalhos na \u00e1rea art\u00edstica, \u201cD\u00e9dalo\u201d, um curta-metragem experimental, nasceu das angustias e anseios gerados na pandemia, um trabalho h\u00edbrido entre a dan\u00e7a, o teatro e o audiovisual, fruto das forma\u00e7\u00f5es e pesquisas vividas pelo artista durante seus anos de carreia.<\/p>\n\n\n\n<p>Graduado em Artes C\u00eanicas (UFG) e Cinema e Audiovisual (UEG), Gustavo sempre buscou em seus trabalhos como interprete nas companhias das quais participou, unir suas habilidades como bailarino e ator, mas foi ao encontro do audiovisual que conseguiu potencializar e afirmar sua linguagem autoral, enquanto um artista multilinguagens, habitando entre o experimentalismo e a inova\u00e7\u00e3o, em trabalhos que ultrapassam o limiar das defini\u00e7\u00f5es. Sua proposta sempre foi trazer reflex\u00f5es sobre temas atuais e urgentes a partir de um universo sensorial e on\u00edrico, gerando no p\u00fablico um impacto visual dif\u00edcil de definir; visceral, aut\u00eantico e inovador, esse \u00e9 o lugar onde habita sua arte.<\/p>\n\n\n\n<p>Ainda no mesmo ano, realiza seu segundo filme \u201cPor Dentro\u201d, onde o artista dan\u00e7a atravessado pelas paisagens da cidade de Goi\u00e2nia. A videodan\u00e7a teve grande repercuss\u00e3o, participando de importantes festivais nacionais, como o FICA (Festival de Cinema Ambiental) e alcan\u00e7a uma proje\u00e7\u00e3o internacional, ao participar presencialmente do Dance Film Festival Brussels em Bruxelas\/B\u00e9lgica como o \u00fanico brasileiro convidado.<\/p>\n\n\n\n<p>Em 2022 estreia seu primeiro espet\u00e1culo solo \u201cMetamorfose\u201d, inspirado no texto A Metamorfose de Franz Kafka, que atrav\u00e9s de premia\u00e7\u00f5es na esfera estadual e federal possibilita sua circula\u00e7\u00e3o nacional nos anos de 2023 e 2024, passando por mais de 7 estados, alcan\u00e7ando um n\u00famero de mais de cinco mil espectadores. Na esfera internacional, participa do Festival Imaginarius em Santa Maria da Feira\/Portugal e recebe o pr\u00eamio especial do j\u00fari popular como o espet\u00e1culo<br>mais votado. Tamb\u00e9m na Europa, se apresenta do Buffer Fringe Festival em Nic\u00f3sia\/Chipre como \u00fanico espet\u00e1culo brasileiro em todas as edi\u00e7\u00f5es do festival.<\/p>\n\n\n\n<p>2024 se firma como um ano muito relevante, com a estreia de seu novo filme \u201cUm breve instante para o agora\u201d do qual aborda a tem\u00e1tica ambiental de forma sens\u00edvel e art\u00edstica, o filme participou de diversas a\u00e7\u00f5es em sua distribui\u00e7\u00e3o, com a exibi\u00e7\u00e3o em escolas, asilos, escolas especiais e ongs com a participa\u00e7\u00e3o e intera\u00e7\u00e3o do artista. No mesmo ano estreia seu segundo espet\u00e1culo solo \u201cCosmos Colapso\u201d, do qual reflete sobre a rela\u00e7\u00e3o do ser humano com o cosmos e uma integra\u00e7\u00e3o com o mesmo, realizando tr\u00eas temporadas na cidade de Goi\u00e2nia.<\/p>\n\n\n\n<p>Em 2025 a empresa Gustavo Silvestre se firma como uma produtora de espet\u00e1culos c\u00eanicos e trabalhos audiovisuais, com reconhecimento nacional e internacional. Inaugura seu espa\u00e7o, o \u201cEst\u00fadio Silvestre\u201d a fim de fomentar a continuidade e a viabilidade de seus futuros trabalhos. Contando com uma equipe diversa e experiente, tem trabalhado na prospec\u00e7\u00e3o de novos apoiadores e patrocinadores, entregando resultados de retorno de marca e visibilidade para as empresas, al\u00e9m de proporcionar experiencias \u00fanicas e inovadoras a seu p\u00fablico.<\/p>\n<\/div>\n\n\n\n<div style=\"height:100px\" aria-hidden=\"true\" class=\"wp-block-spacer\"><\/div>\n\n\n\n<div class=\"wp-block-group alignfull has-global-padding is-layout-constrained wp-block-group-is-layout-constrained\">\n<p class=\"eplus-wrapper has-futura-hv-bt-font-family has-x-large-font-size\">TRABALHOS<\/p>\n\n\n\n<div class=\"wp-block-query alignwide eplus-wrapper is-layout-flow wp-block-query-is-layout-flow\"><ul style=\"padding-right:0;padding-left:0;margin-right:0;margin-left:0;\" class=\"columns-4 wp-block-post-template is-layout-grid wp-container-core-post-template-is-layout-f61cf311 wp-block-post-template-is-layout-grid\"><li class=\"wp-block-post post-443 post type-post status-publish format-standard has-post-thumbnail hentry category-obra\">\n\n<div class=\"wp-block-group is-vertical is-content-justification-center is-layout-flex wp-container-core-group-is-layout-22bd6919 wp-block-group-is-layout-flex\" style=\"padding-top:var(--wp--preset--spacing--20);padding-bottom:var(--wp--preset--spacing--20)\"><figure style=\"aspect-ratio:2\/3; margin-top:var(--wp--preset--spacing--20);margin-bottom:var(--wp--preset--spacing--20);\" class=\"wp-block-post-featured-image\"><a href=\"https:\/\/gustavosilvestre.com.br\/en\/obra\/performance-06\/\" target=\"_self\"  ><img loading=\"lazy\" decoding=\"async\" width=\"2560\" height=\"1780\" src=\"https:\/\/gustavosilvestre.com.br\/wp-content\/uploads\/2025\/04\/Copia-de-METAMORFOSE-foto-RUBENS-NETO-scaled.jpg\" class=\"attachment-post-thumbnail size-post-thumbnail wp-post-image\" alt=\"METAMORFOSE (2022)\" style=\"width:100%;height:100%;object-fit:cover;\" srcset=\"https:\/\/gustavosilvestre.com.br\/wp-content\/uploads\/2025\/04\/Copia-de-METAMORFOSE-foto-RUBENS-NETO-scaled.jpg 2560w, https:\/\/gustavosilvestre.com.br\/wp-content\/uploads\/2025\/04\/Copia-de-METAMORFOSE-foto-RUBENS-NETO-300x209.jpg 300w, https:\/\/gustavosilvestre.com.br\/wp-content\/uploads\/2025\/04\/Copia-de-METAMORFOSE-foto-RUBENS-NETO-1024x712.jpg 1024w, https:\/\/gustavosilvestre.com.br\/wp-content\/uploads\/2025\/04\/Copia-de-METAMORFOSE-foto-RUBENS-NETO-768x534.jpg 768w, https:\/\/gustavosilvestre.com.br\/wp-content\/uploads\/2025\/04\/Copia-de-METAMORFOSE-foto-RUBENS-NETO-1536x1068.jpg 1536w, https:\/\/gustavosilvestre.com.br\/wp-content\/uploads\/2025\/04\/Copia-de-METAMORFOSE-foto-RUBENS-NETO-2048x1424.jpg 2048w\" sizes=\"auto, (max-width: 2560px) 100vw, 2560px\" \/><\/a><\/figure>\n\n<h2 style=\"text-transform:capitalize; padding-right:0;padding-left:0;padding-top:var(--wp--preset--spacing--20);padding-bottom:var(--wp--preset--spacing--20);margin-top:0%;margin-bottom:0%;\" class=\"has-text-align-center wp-block-post-title has-large-font-size has-futura-lt-bt-font-family\">METAMORFOSE (2022)<\/h2><\/div>\n\n<\/li><li class=\"wp-block-post post-442 post type-post status-publish format-standard has-post-thumbnail hentry category-obra\">\n\n<div class=\"wp-block-group is-vertical is-content-justification-center is-layout-flex wp-container-core-group-is-layout-22bd6919 wp-block-group-is-layout-flex\" style=\"padding-top:var(--wp--preset--spacing--20);padding-bottom:var(--wp--preset--spacing--20)\"><figure style=\"aspect-ratio:2\/3; margin-top:var(--wp--preset--spacing--20);margin-bottom:var(--wp--preset--spacing--20);\" class=\"wp-block-post-featured-image\"><a href=\"https:\/\/gustavosilvestre.com.br\/en\/obra\/performance-05\/\" target=\"_self\"  ><img loading=\"lazy\" decoding=\"async\" width=\"2560\" height=\"1707\" src=\"https:\/\/gustavosilvestre.com.br\/wp-content\/uploads\/2025\/04\/Copia-de-Foto-Marcella-Landeiro-scaled.jpg\" class=\"attachment-post-thumbnail size-post-thumbnail wp-post-image\" alt=\"COSMOS COLAPSO (2024)\" style=\"width:100%;height:100%;object-fit:cover;\" srcset=\"https:\/\/gustavosilvestre.com.br\/wp-content\/uploads\/2025\/04\/Copia-de-Foto-Marcella-Landeiro-scaled.jpg 2560w, https:\/\/gustavosilvestre.com.br\/wp-content\/uploads\/2025\/04\/Copia-de-Foto-Marcella-Landeiro-300x200.jpg 300w, https:\/\/gustavosilvestre.com.br\/wp-content\/uploads\/2025\/04\/Copia-de-Foto-Marcella-Landeiro-1024x683.jpg 1024w, https:\/\/gustavosilvestre.com.br\/wp-content\/uploads\/2025\/04\/Copia-de-Foto-Marcella-Landeiro-768x512.jpg 768w, https:\/\/gustavosilvestre.com.br\/wp-content\/uploads\/2025\/04\/Copia-de-Foto-Marcella-Landeiro-1536x1024.jpg 1536w, https:\/\/gustavosilvestre.com.br\/wp-content\/uploads\/2025\/04\/Copia-de-Foto-Marcella-Landeiro-2048x1365.jpg 2048w\" sizes=\"auto, (max-width: 2560px) 100vw, 2560px\" \/><\/a><\/figure>\n\n<h2 style=\"text-transform:capitalize; padding-right:0;padding-left:0;padding-top:var(--wp--preset--spacing--20);padding-bottom:var(--wp--preset--spacing--20);margin-top:0%;margin-bottom:0%;\" class=\"has-text-align-center wp-block-post-title has-large-font-size has-futura-lt-bt-font-family\">COSMOS COLAPSO (2024)<\/h2><\/div>\n\n<\/li><li class=\"wp-block-post post-441 post type-post status-publish format-standard has-post-thumbnail hentry category-obra\">\n\n<div class=\"wp-block-group is-vertical is-content-justification-center is-layout-flex wp-container-core-group-is-layout-22bd6919 wp-block-group-is-layout-flex\" style=\"padding-top:var(--wp--preset--spacing--20);padding-bottom:var(--wp--preset--spacing--20)\"><figure style=\"aspect-ratio:2\/3; margin-top:var(--wp--preset--spacing--20);margin-bottom:var(--wp--preset--spacing--20);\" class=\"wp-block-post-featured-image\"><a href=\"https:\/\/gustavosilvestre.com.br\/en\/obra\/performance-04\/\" target=\"_self\"  ><img loading=\"lazy\" decoding=\"async\" width=\"1280\" height=\"854\" src=\"https:\/\/gustavosilvestre.com.br\/wp-content\/uploads\/2025\/04\/um-breve-instante-para-o-agora.-foto-Isabela-imendes-2.jpg\" class=\"attachment-post-thumbnail size-post-thumbnail wp-post-image\" alt=\"UM BREVE INSTANTE PARA O AGORA (2024)\" style=\"width:100%;height:100%;object-fit:cover;\" srcset=\"https:\/\/gustavosilvestre.com.br\/wp-content\/uploads\/2025\/04\/um-breve-instante-para-o-agora.-foto-Isabela-imendes-2.jpg 1280w, https:\/\/gustavosilvestre.com.br\/wp-content\/uploads\/2025\/04\/um-breve-instante-para-o-agora.-foto-Isabela-imendes-2-300x200.jpg 300w, https:\/\/gustavosilvestre.com.br\/wp-content\/uploads\/2025\/04\/um-breve-instante-para-o-agora.-foto-Isabela-imendes-2-1024x683.jpg 1024w, https:\/\/gustavosilvestre.com.br\/wp-content\/uploads\/2025\/04\/um-breve-instante-para-o-agora.-foto-Isabela-imendes-2-768x512.jpg 768w\" sizes=\"auto, (max-width: 1280px) 100vw, 1280px\" \/><\/a><\/figure>\n\n<h2 style=\"text-transform:capitalize; padding-right:0;padding-left:0;padding-top:var(--wp--preset--spacing--20);padding-bottom:var(--wp--preset--spacing--20);margin-top:0%;margin-bottom:0%;\" class=\"has-text-align-center wp-block-post-title has-large-font-size has-futura-lt-bt-font-family\">UM BREVE INSTANTE PARA O AGORA (2024)<\/h2><\/div>\n\n<\/li><li class=\"wp-block-post post-440 post type-post status-publish format-standard has-post-thumbnail hentry category-obra\">\n\n<div class=\"wp-block-group is-vertical is-content-justification-center is-layout-flex wp-container-core-group-is-layout-22bd6919 wp-block-group-is-layout-flex\" style=\"padding-top:var(--wp--preset--spacing--20);padding-bottom:var(--wp--preset--spacing--20)\"><figure style=\"aspect-ratio:2\/3; margin-top:var(--wp--preset--spacing--20);margin-bottom:var(--wp--preset--spacing--20);\" class=\"wp-block-post-featured-image\"><a href=\"https:\/\/gustavosilvestre.com.br\/en\/obra\/performance-03\/\" target=\"_self\"  ><img loading=\"lazy\" decoding=\"async\" width=\"1280\" height=\"720\" src=\"https:\/\/gustavosilvestre.com.br\/wp-content\/uploads\/2025\/04\/Copia-de-DEDALO.-gustavo-silvestre.-foto-Larry-Machado1.jpeg\" class=\"attachment-post-thumbnail size-post-thumbnail wp-post-image\" alt=\"D\u00c9DALO (2021)\" style=\"width:100%;height:100%;object-fit:cover;\" srcset=\"https:\/\/gustavosilvestre.com.br\/wp-content\/uploads\/2025\/04\/Copia-de-DEDALO.-gustavo-silvestre.-foto-Larry-Machado1.jpeg 1280w, https:\/\/gustavosilvestre.com.br\/wp-content\/uploads\/2025\/04\/Copia-de-DEDALO.-gustavo-silvestre.-foto-Larry-Machado1-300x169.jpeg 300w, https:\/\/gustavosilvestre.com.br\/wp-content\/uploads\/2025\/04\/Copia-de-DEDALO.-gustavo-silvestre.-foto-Larry-Machado1-1024x576.jpeg 1024w, https:\/\/gustavosilvestre.com.br\/wp-content\/uploads\/2025\/04\/Copia-de-DEDALO.-gustavo-silvestre.-foto-Larry-Machado1-768x432.jpeg 768w\" sizes=\"auto, (max-width: 1280px) 100vw, 1280px\" \/><\/a><\/figure>\n\n<h2 style=\"text-transform:capitalize; padding-right:0;padding-left:0;padding-top:var(--wp--preset--spacing--20);padding-bottom:var(--wp--preset--spacing--20);margin-top:0%;margin-bottom:0%;\" class=\"has-text-align-center wp-block-post-title has-large-font-size has-futura-lt-bt-font-family\">D\u00c9DALO (2021)<\/h2><\/div>\n\n<\/li><li class=\"wp-block-post post-439 post type-post status-publish format-standard has-post-thumbnail hentry category-obra\">\n\n<div class=\"wp-block-group is-vertical is-content-justification-center is-layout-flex wp-container-core-group-is-layout-22bd6919 wp-block-group-is-layout-flex\" style=\"padding-top:var(--wp--preset--spacing--20);padding-bottom:var(--wp--preset--spacing--20)\"><figure style=\"aspect-ratio:2\/3; margin-top:var(--wp--preset--spacing--20);margin-bottom:var(--wp--preset--spacing--20);\" class=\"wp-block-post-featured-image\"><a href=\"https:\/\/gustavosilvestre.com.br\/en\/obra\/performance-02\/\" target=\"_self\"  ><img loading=\"lazy\" decoding=\"async\" width=\"2560\" height=\"1440\" src=\"https:\/\/gustavosilvestre.com.br\/wp-content\/uploads\/2025\/04\/Copia-de-foto-Larry-Machado-629812936611-scaled.jpg\" class=\"attachment-post-thumbnail size-post-thumbnail wp-post-image\" alt=\"POR DENTRO (2021)\" style=\"width:100%;height:100%;object-fit:cover;\" srcset=\"https:\/\/gustavosilvestre.com.br\/wp-content\/uploads\/2025\/04\/Copia-de-foto-Larry-Machado-629812936611-scaled.jpg 2560w, https:\/\/gustavosilvestre.com.br\/wp-content\/uploads\/2025\/04\/Copia-de-foto-Larry-Machado-629812936611-300x169.jpg 300w, https:\/\/gustavosilvestre.com.br\/wp-content\/uploads\/2025\/04\/Copia-de-foto-Larry-Machado-629812936611-1024x576.jpg 1024w, https:\/\/gustavosilvestre.com.br\/wp-content\/uploads\/2025\/04\/Copia-de-foto-Larry-Machado-629812936611-768x432.jpg 768w, https:\/\/gustavosilvestre.com.br\/wp-content\/uploads\/2025\/04\/Copia-de-foto-Larry-Machado-629812936611-1536x864.jpg 1536w, https:\/\/gustavosilvestre.com.br\/wp-content\/uploads\/2025\/04\/Copia-de-foto-Larry-Machado-629812936611-2048x1152.jpg 2048w\" sizes=\"auto, (max-width: 2560px) 100vw, 2560px\" \/><\/a><\/figure>\n\n<h2 style=\"text-transform:capitalize; padding-right:0;padding-left:0;padding-top:var(--wp--preset--spacing--20);padding-bottom:var(--wp--preset--spacing--20);margin-top:0%;margin-bottom:0%;\" class=\"has-text-align-center wp-block-post-title has-large-font-size has-futura-lt-bt-font-family\">POR DENTRO (2021)<\/h2><\/div>\n\n<\/li><li class=\"wp-block-post post-434 post type-post status-publish format-standard has-post-thumbnail hentry category-obra\">\n\n<div class=\"wp-block-group is-vertical is-content-justification-center is-layout-flex wp-container-core-group-is-layout-22bd6919 wp-block-group-is-layout-flex\" style=\"padding-top:var(--wp--preset--spacing--20);padding-bottom:var(--wp--preset--spacing--20)\"><figure style=\"aspect-ratio:2\/3; margin-top:var(--wp--preset--spacing--20);margin-bottom:var(--wp--preset--spacing--20);\" class=\"wp-block-post-featured-image\"><a href=\"https:\/\/gustavosilvestre.com.br\/en\/obra\/performance-01\/\" target=\"_self\"  ><img loading=\"lazy\" decoding=\"async\" width=\"2553\" height=\"2560\" src=\"https:\/\/gustavosilvestre.com.br\/wp-content\/uploads\/2025\/04\/DSC06320-1-scaled.jpg\" class=\"attachment-post-thumbnail size-post-thumbnail wp-post-image\" alt=\"Workshop DAN\u00c7A E IMPROVISA\u00c7\u00c3O\" style=\"width:100%;height:100%;object-fit:cover;\" srcset=\"https:\/\/gustavosilvestre.com.br\/wp-content\/uploads\/2025\/04\/DSC06320-1-scaled.jpg 2553w, https:\/\/gustavosilvestre.com.br\/wp-content\/uploads\/2025\/04\/DSC06320-1-300x300.jpg 300w, https:\/\/gustavosilvestre.com.br\/wp-content\/uploads\/2025\/04\/DSC06320-1-1021x1024.jpg 1021w, https:\/\/gustavosilvestre.com.br\/wp-content\/uploads\/2025\/04\/DSC06320-1-150x150.jpg 150w, https:\/\/gustavosilvestre.com.br\/wp-content\/uploads\/2025\/04\/DSC06320-1-768x770.jpg 768w, https:\/\/gustavosilvestre.com.br\/wp-content\/uploads\/2025\/04\/DSC06320-1-1532x1536.jpg 1532w, https:\/\/gustavosilvestre.com.br\/wp-content\/uploads\/2025\/04\/DSC06320-1-2042x2048.jpg 2042w\" sizes=\"auto, (max-width: 2553px) 100vw, 2553px\" \/><\/a><\/figure>\n\n<h2 style=\"text-transform:capitalize; padding-right:0;padding-left:0;padding-top:var(--wp--preset--spacing--20);padding-bottom:var(--wp--preset--spacing--20);margin-top:0%;margin-bottom:0%;\" class=\"has-text-align-center wp-block-post-title has-large-font-size has-futura-lt-bt-font-family\">Workshop DAN\u00c7A E IMPROVISA\u00c7\u00c3O<\/h2><\/div>\n\n<\/li><li class=\"wp-block-post post-840 post type-post status-publish format-standard has-post-thumbnail hentry category-obra\">\n\n<div class=\"wp-block-group is-vertical is-content-justification-center is-layout-flex wp-container-core-group-is-layout-22bd6919 wp-block-group-is-layout-flex\" style=\"padding-top:var(--wp--preset--spacing--20);padding-bottom:var(--wp--preset--spacing--20)\"><figure style=\"aspect-ratio:2\/3; margin-top:var(--wp--preset--spacing--20);margin-bottom:var(--wp--preset--spacing--20);\" class=\"wp-block-post-featured-image\"><a href=\"https:\/\/gustavosilvestre.com.br\/en\/obra\/metamorfose-2022-clone\/\" target=\"_self\"  ><img loading=\"lazy\" decoding=\"async\" width=\"1920\" height=\"2560\" src=\"https:\/\/gustavosilvestre.com.br\/wp-content\/uploads\/2025\/04\/Copia-de-IMG-20241109-WA0019-scaled.jpg\" class=\"attachment-post-thumbnail size-post-thumbnail wp-post-image\" alt=\"A\u00c7\u00d5ES FORMATIVAS\" style=\"width:100%;height:100%;object-fit:cover;\" srcset=\"https:\/\/gustavosilvestre.com.br\/wp-content\/uploads\/2025\/04\/Copia-de-IMG-20241109-WA0019-scaled.jpg 1920w, https:\/\/gustavosilvestre.com.br\/wp-content\/uploads\/2025\/04\/Copia-de-IMG-20241109-WA0019-225x300.jpg 225w, https:\/\/gustavosilvestre.com.br\/wp-content\/uploads\/2025\/04\/Copia-de-IMG-20241109-WA0019-768x1024.jpg 768w, https:\/\/gustavosilvestre.com.br\/wp-content\/uploads\/2025\/04\/Copia-de-IMG-20241109-WA0019-1152x1536.jpg 1152w, https:\/\/gustavosilvestre.com.br\/wp-content\/uploads\/2025\/04\/Copia-de-IMG-20241109-WA0019-1536x2048.jpg 1536w\" sizes=\"auto, (max-width: 1920px) 100vw, 1920px\" \/><\/a><\/figure>\n\n<h2 style=\"text-transform:capitalize; padding-right:0;padding-left:0;padding-top:var(--wp--preset--spacing--20);padding-bottom:var(--wp--preset--spacing--20);margin-top:0%;margin-bottom:0%;\" class=\"has-text-align-center wp-block-post-title has-large-font-size has-futura-lt-bt-font-family\">A\u00c7\u00d5ES FORMATIVAS<\/h2><\/div>\n\n<\/li><\/ul>\n\n\n<div class=\"wp-block-group eplus-wrapper is-layout-flow wp-block-group-is-layout-flow\" style=\"margin-top:var(--wp--preset--spacing--60);margin-bottom:var(--wp--preset--spacing--60)\"><\/div>\n<\/div>\n\n\n\n<div class=\"wp-block-group alignwide has-global-padding is-layout-constrained wp-block-group-is-layout-constrained\">\n<hr class=\"wp-block-separator has-text-color has-contrast-color has-alpha-channel-opacity has-contrast-background-color has-background\" style=\"margin-top:var(--wp--preset--spacing--40);margin-bottom:var(--wp--preset--spacing--40)\"\/>\n<\/div>\n\n\n\n<div style=\"height:32px\" aria-hidden=\"true\" class=\"wp-block-spacer\"><\/div>\n<\/div>","protected":false},"excerpt":{"rendered":"<p>Apresenta\u00e7\u00e3o Fundada em 2021, a empresa Gustavo Silvestre nasce a partir do primeiro trabalho solo do artista ap\u00f3s quase 20 anos de estudos e trabalhos na \u00e1rea art\u00edstica, \u201cD\u00e9dalo\u201d, um curta-metragem experimental, nasceu das angustias e anseios gerados na pandemia, um trabalho h\u00edbrido entre a dan\u00e7a, o teatro e o audiovisual, fruto das forma\u00e7\u00f5es e [&hellip;]<\/p>","protected":false},"author":1,"featured_media":0,"parent":526,"menu_order":0,"comment_status":"closed","ping_status":"closed","template":"","meta":{"_uag_custom_page_level_css":"","footnotes":""},"class_list":["post-668","page","type-page","status-publish","hentry"],"uagb_featured_image_src":{"full":false,"thumbnail":false,"medium":false,"medium_large":false,"large":false,"1536x1536":false,"2048x2048":false,"trp-custom-language-flag":false},"uagb_author_info":{"display_name":"borisrodriguesweb@gmail.com","author_link":"https:\/\/gustavosilvestre.com.br\/en\/author\/borisrodrigueswebgmail-com\/"},"uagb_comment_info":0,"uagb_excerpt":"Apresenta\u00e7\u00e3o Fundada em 2021, a empresa Gustavo Silvestre nasce a partir do primeiro trabalho solo do artista ap\u00f3s quase 20 anos de estudos e trabalhos na \u00e1rea art\u00edstica, \u201cD\u00e9dalo\u201d, um curta-metragem experimental, nasceu das angustias e anseios gerados na pandemia, um trabalho h\u00edbrido entre a dan\u00e7a, o teatro e o audiovisual, fruto das forma\u00e7\u00f5es e&hellip;","_links":{"self":[{"href":"https:\/\/gustavosilvestre.com.br\/en\/wp-json\/wp\/v2\/pages\/668","targetHints":{"allow":["GET"]}}],"collection":[{"href":"https:\/\/gustavosilvestre.com.br\/en\/wp-json\/wp\/v2\/pages"}],"about":[{"href":"https:\/\/gustavosilvestre.com.br\/en\/wp-json\/wp\/v2\/types\/page"}],"author":[{"embeddable":true,"href":"https:\/\/gustavosilvestre.com.br\/en\/wp-json\/wp\/v2\/users\/1"}],"replies":[{"embeddable":true,"href":"https:\/\/gustavosilvestre.com.br\/en\/wp-json\/wp\/v2\/comments?post=668"}],"version-history":[{"count":12,"href":"https:\/\/gustavosilvestre.com.br\/en\/wp-json\/wp\/v2\/pages\/668\/revisions"}],"predecessor-version":[{"id":1102,"href":"https:\/\/gustavosilvestre.com.br\/en\/wp-json\/wp\/v2\/pages\/668\/revisions\/1102"}],"up":[{"embeddable":true,"href":"https:\/\/gustavosilvestre.com.br\/en\/wp-json\/wp\/v2\/pages\/526"}],"wp:attachment":[{"href":"https:\/\/gustavosilvestre.com.br\/en\/wp-json\/wp\/v2\/media?parent=668"}],"curies":[{"name":"wp","href":"https:\/\/api.w.org\/{rel}","templated":true}]}}