{"id":681,"date":"2025-04-28T22:15:49","date_gmt":"2025-04-29T01:15:49","guid":{"rendered":"https:\/\/gustavosilvestre.com.br\/?page_id=681"},"modified":"2025-05-05T17:28:56","modified_gmt":"2025-05-05T20:28:56","slug":"historico","status":"publish","type":"page","link":"https:\/\/gustavosilvestre.com.br\/en\/sobre\/historico\/","title":{"rendered":"Hist\u00f3rico"},"content":{"rendered":"<div class=\"wp-block-group alignwide has-global-padding is-layout-constrained wp-block-group-is-layout-constrained\">\n<hr class=\"wp-block-separator has-text-color has-contrast-color has-alpha-channel-opacity has-contrast-background-color has-background\" style=\"margin-top:var(--wp--preset--spacing--40);margin-bottom:var(--wp--preset--spacing--40)\"\/>\n\n\n\n<div class=\"wp-block-group alignwide is-nowrap is-layout-flex wp-container-core-group-is-layout-f8ce51fb wp-block-group-is-layout-flex\" style=\"padding-top:var(--wp--preset--spacing--30);padding-bottom:var(--wp--preset--spacing--30)\">\n<h2 class=\"wp-block-heading is-style-text-subtitle has-xx-large-font-size is-style-text-subtitle--1\">Hist\u00f3rico<\/h2>\n<\/div>\n<\/div>\n\n\n\n<div class=\"wp-block-group has-global-padding is-layout-constrained wp-container-core-group-is-layout-5a30f31b wp-block-group-is-layout-constrained\">\n<p>Gustavo Silvestre iniciou seus estudos em artes c\u00eanicas em 2002 com cursos livres de teatro, na \u00e9poca ofertados pelo Centro Cultural Martim Cerer\u00ea e em 2004 com aulas de forma\u00e7\u00e3o em dan\u00e7a (ballet e contempor\u00e2neo), na \u00e9poca ofertados pelo Centro Livre de Artes e Basileu Fran\u00e7a, ambos na cidade de Goi\u00e2nia\/GO. O teatro e a dan\u00e7a sempre andaram juntos em sua trajet\u00f3ria, em 2006 ingressa o curso de bacharelado e licenciatura em Artes C\u00eanicas na Universidade Federal de Goi\u00e1s e em paralelo a gradua\u00e7\u00e3o atuou como bailarino em alguns grupos locais como N\u00f4mades Grupo de Dan\u00e7a, Quasar Jovem, Cia DasLos e como ator na Cia Teatral Oops!.. e LabTime (Laborat\u00f3rio de Tecnologia da Informa\u00e7\u00e3o e M\u00eddias Educacionais).<\/p>\n\n\n\n<p>Em 2008 recebe o convite para dan\u00e7ar na Cia de Dan\u00e7a Cont\u00e1gius, de Palmas\/TO, do qual permanece at\u00e9 2012, entre idas e vindas entre as cidades de Goi\u00e2nia e Palmas. Ap\u00f3s a conclus\u00e3o da gradua\u00e7\u00e3o, em 2013 se muda para a cidade de Belo Horizonte\/MG para integrar o elenco da Cia M\u00e1rio Nascimento, do qual permanece ate fim de 2014, mesmo ano em que \u00e9 selecionado via audi\u00e7\u00e3o e inicia seus trabalhos como interprete na Cia de Dan\u00e7a Pal\u00e1cio das Artes, permanecendo ate 2018. Atrav\u00e9s de um convite, retorna \u00e0 cidade de Goi\u00e2nia para atuar na Quasar Cia de Dan\u00e7a, do qual trabalhou como bailarino interprete at\u00e9 2023.<\/p>\n\n\n\n<p>Em 2019 retorna \u00e0 universidade para graduar o curso de bacharelado em Cinema e Audiovisual pela Universidade Estadual de Goi\u00e1s. Ainda como estudante esbo\u00e7a seus primeiros trabalhos unindo as linguagens do cinema com a dan\u00e7a e o teatro, mas \u00e9 em 2021 que lan\u00e7a oficialmente seu primeiro filme. Com o termino da segunda gradua\u00e7\u00e3o e ap\u00f3s vasta experi\u00eancia no mercado art\u00edstico, encara o desafio de seu primeiro trabalho c\u00eanico solo em 2022 e oficializa o in\u00edcio de sua trajet\u00f3ria como como artista solo. Durante os anos que se seguiram, entre circula\u00e7\u00f5es nacionais, internacionais e novas estreias, trabalhou para estruturar a empresa Gustavo Silvestre, formar uma equipe diversa e competente, construir e inaugurar o Est\u00fadio Silvestre e consolidar um p\u00fablico cativo.<\/p>\n\n\n\n<div class=\"wp-block-group alignwide has-global-padding is-layout-constrained wp-block-group-is-layout-constrained\">\n<hr class=\"wp-block-separator has-text-color has-contrast-color has-alpha-channel-opacity has-contrast-background-color has-background\" style=\"margin-top:var(--wp--preset--spacing--40);margin-bottom:var(--wp--preset--spacing--40)\"\/>\n<\/div>\n\n\n\n<div style=\"height:32px\" aria-hidden=\"true\" class=\"wp-block-spacer\"><\/div>\n<\/div>","protected":false},"excerpt":{"rendered":"<p>Hist\u00f3rico Gustavo Silvestre iniciou seus estudos em artes c\u00eanicas em 2002 com cursos livres de teatro, na \u00e9poca ofertados pelo Centro Cultural Martim Cerer\u00ea e em 2004 com aulas de forma\u00e7\u00e3o em dan\u00e7a (ballet e contempor\u00e2neo), na \u00e9poca ofertados pelo Centro Livre de Artes e Basileu Fran\u00e7a, ambos na cidade de Goi\u00e2nia\/GO. O teatro e [&hellip;]<\/p>","protected":false},"author":1,"featured_media":0,"parent":526,"menu_order":0,"comment_status":"closed","ping_status":"closed","template":"","meta":{"_uag_custom_page_level_css":"","footnotes":""},"class_list":["post-681","page","type-page","status-publish","hentry"],"uagb_featured_image_src":{"full":false,"thumbnail":false,"medium":false,"medium_large":false,"large":false,"1536x1536":false,"2048x2048":false,"trp-custom-language-flag":false},"uagb_author_info":{"display_name":"borisrodriguesweb@gmail.com","author_link":"https:\/\/gustavosilvestre.com.br\/en\/author\/borisrodrigueswebgmail-com\/"},"uagb_comment_info":0,"uagb_excerpt":"Hist\u00f3rico Gustavo Silvestre iniciou seus estudos em artes c\u00eanicas em 2002 com cursos livres de teatro, na \u00e9poca ofertados pelo Centro Cultural Martim Cerer\u00ea e em 2004 com aulas de forma\u00e7\u00e3o em dan\u00e7a (ballet e contempor\u00e2neo), na \u00e9poca ofertados pelo Centro Livre de Artes e Basileu Fran\u00e7a, ambos na cidade de Goi\u00e2nia\/GO. O teatro e&hellip;","_links":{"self":[{"href":"https:\/\/gustavosilvestre.com.br\/en\/wp-json\/wp\/v2\/pages\/681","targetHints":{"allow":["GET"]}}],"collection":[{"href":"https:\/\/gustavosilvestre.com.br\/en\/wp-json\/wp\/v2\/pages"}],"about":[{"href":"https:\/\/gustavosilvestre.com.br\/en\/wp-json\/wp\/v2\/types\/page"}],"author":[{"embeddable":true,"href":"https:\/\/gustavosilvestre.com.br\/en\/wp-json\/wp\/v2\/users\/1"}],"replies":[{"embeddable":true,"href":"https:\/\/gustavosilvestre.com.br\/en\/wp-json\/wp\/v2\/comments?post=681"}],"version-history":[{"count":3,"href":"https:\/\/gustavosilvestre.com.br\/en\/wp-json\/wp\/v2\/pages\/681\/revisions"}],"predecessor-version":[{"id":1103,"href":"https:\/\/gustavosilvestre.com.br\/en\/wp-json\/wp\/v2\/pages\/681\/revisions\/1103"}],"up":[{"embeddable":true,"href":"https:\/\/gustavosilvestre.com.br\/en\/wp-json\/wp\/v2\/pages\/526"}],"wp:attachment":[{"href":"https:\/\/gustavosilvestre.com.br\/en\/wp-json\/wp\/v2\/media?parent=681"}],"curies":[{"name":"wp","href":"https:\/\/api.w.org\/{rel}","templated":true}]}}