{"id":729,"date":"2025-04-29T16:32:48","date_gmt":"2025-04-29T19:32:48","guid":{"rendered":"https:\/\/gustavosilvestre.com.br\/?page_id=729"},"modified":"2025-05-12T19:56:55","modified_gmt":"2025-05-12T22:56:55","slug":"estudio","status":"publish","type":"page","link":"https:\/\/gustavosilvestre.com.br\/en\/estudio\/","title":{"rendered":"Est\u00fadio"},"content":{"rendered":"<div class=\"wp-block-group alignwide has-global-padding is-layout-constrained wp-block-group-is-layout-constrained\">\n<hr class=\"wp-block-separator has-text-color has-contrast-color has-alpha-channel-opacity has-contrast-background-color has-background\" style=\"margin-top:var(--wp--preset--spacing--40);margin-bottom:var(--wp--preset--spacing--40)\"\/>\n\n\n\n<div class=\"wp-block-group alignwide is-nowrap is-layout-flex wp-container-core-group-is-layout-f8ce51fb wp-block-group-is-layout-flex\" style=\"padding-top:var(--wp--preset--spacing--30);padding-bottom:var(--wp--preset--spacing--30)\">\n<h2 class=\"wp-block-heading has-xx-large-font-size\">Est\u00fadio<\/h2>\n<\/div>\n<\/div>\n\n\n\n<div class=\"wp-block-group has-global-padding is-layout-constrained wp-container-core-group-is-layout-5a30f31b wp-block-group-is-layout-constrained\">\n<p>O Est\u00fadio Silvestre \u00e9 um espa\u00e7o destinado a cria\u00e7\u00e3o e manuten\u00e7\u00e3o dos trabalhos art\u00edsticos do artista Gustavo Silvestre e a operacionaliza\u00e7\u00e3o da empresa em todas as suas esferas. Situado no munic\u00edpio de Aparecida de Goi\u00e2nia\/GO, o espa\u00e7o \u00e9 divido em tr\u00eas ambientes, sendo eles:<\/p>\n<\/div>\n\n\n\n<div style=\"height:100px\" aria-hidden=\"true\" class=\"wp-block-spacer\"><\/div>\n\n\n\n<div class=\"wp-block-group alignfull has-accent-4-color has-accent-1-background-color has-text-color has-background has-link-color wp-elements-c4225c6677a0ce3a9ac4a96d2820439b has-global-padding is-layout-constrained wp-block-group-is-layout-constrained\" style=\"margin-top:0;margin-bottom:0;padding-top:var(--wp--preset--spacing--60);padding-bottom:var(--wp--preset--spacing--60)\">\n<div class=\"wp-block-group has-global-padding is-layout-constrained wp-block-group-is-layout-constrained\">\n<h2 class=\"wp-block-heading has-futura-xblk-bt-font-family has-x-large-font-size\" id=\"single\"><strong>Escrit\u00f3rio<\/strong><\/h2>\n\n\n\n<p class=\"has-futura-lt-bt-font-family has-medium-font-size\" style=\"margin-top:var(--wp--preset--spacing--20);margin-right:0;margin-bottom:var(--wp--preset--spacing--20);margin-left:0;line-height:1.6\">Local de trabalho de parte da equipe presencialmente, onde se concentram as decis\u00f5es administrativos, reuni\u00f5es e gest\u00e3o de projetos.<\/p>\n\n\n\n<hr class=\"wp-block-separator has-text-color has-accent-3-color has-alpha-channel-opacity has-accent-3-background-color has-background is-style-wide is-style-wide--1\" style=\"margin-top:var(--wp--preset--spacing--50);margin-bottom:var(--wp--preset--spacing--50)\"\/>\n<\/div>\n\n\n\n<div class=\"wp-block-group has-global-padding is-layout-constrained wp-block-group-is-layout-constrained\">\n<h2 class=\"wp-block-heading has-futura-xblk-bt-font-family has-x-large-font-size\" id=\"single\"><strong>Almoxarifado<\/strong><\/h2>\n\n\n\n<p class=\"has-futura-lt-bt-font-family has-medium-font-size\" style=\"margin-top:var(--wp--preset--spacing--20);margin-right:0;margin-bottom:var(--wp--preset--spacing--20);margin-left:0;line-height:1.6\">Local de armazenamento dos materiais da empresa: equipamentos de filmagens, ilumina\u00e7\u00e3o, cen\u00e1rios e figurinos dos espet\u00e1culos.<\/p>\n\n\n\n<hr class=\"wp-block-separator has-text-color has-accent-3-color has-alpha-channel-opacity has-accent-3-background-color has-background is-style-wide is-style-wide--2\" style=\"margin-top:var(--wp--preset--spacing--50);margin-bottom:var(--wp--preset--spacing--50)\"\/>\n<\/div>\n\n\n\n<div class=\"wp-block-group has-global-padding is-layout-constrained wp-block-group-is-layout-constrained\">\n<h2 class=\"wp-block-heading has-futura-xblk-bt-font-family has-x-large-font-size\" id=\"single\"><strong>Sala de Ensaio<\/strong><\/h2>\n\n\n\n<p class=\"has-futura-lt-bt-font-family has-medium-font-size\" style=\"margin-top:var(--wp--preset--spacing--20);margin-right:0;margin-bottom:var(--wp--preset--spacing--20);margin-left:0;line-height:1.6\">Equipado com piso flutuante, lin\u00f3leo, equipamento de ilumina\u00e7\u00e3o e proje\u00e7\u00e3o, o espa\u00e7o \u00e9 destinado aos ensaios de espet\u00e1culo j\u00e1 estreados e a cria\u00e7\u00e3o de novos trabalhos.<\/p>\n<\/div>\n<\/div>\n\n\n\n<div style=\"height:100px\" aria-hidden=\"true\" class=\"wp-block-spacer\"><\/div>\n\n\n\n<div class=\"wp-block-group alignwide has-global-padding is-layout-constrained wp-container-core-group-is-layout-5a30f31b wp-block-group-is-layout-constrained\">\n<figure class=\"wp-block-embed alignwide is-type-video is-provider-youtube wp-block-embed-youtube wp-embed-aspect-16-9 wp-has-aspect-ratio\"><div class=\"wp-block-embed__wrapper\">\n<iframe loading=\"lazy\" title=\"EST\u00daDIO SILVESTRE\" width=\"500\" height=\"281\" src=\"https:\/\/www.youtube.com\/embed\/vsrgrkg2fi4?feature=oembed\" frameborder=\"0\" allow=\"accelerometer; autoplay; clipboard-write; encrypted-media; gyroscope; picture-in-picture; web-share\" referrerpolicy=\"strict-origin-when-cross-origin\" allowfullscreen><\/iframe>\n<\/div><\/figure>\n\n\n\n<div class=\"wp-block-group alignwide is-nowrap is-layout-flex wp-container-core-group-is-layout-e5a6a4b3 wp-block-group-is-layout-flex\" style=\"margin-top:var(--wp--preset--spacing--50);margin-bottom:var(--wp--preset--spacing--50)\">\n<figure class=\"wp-block-image alignwide size-full wp-container-content-6a6f6583\"><img loading=\"lazy\" decoding=\"async\" width=\"1707\" height=\"2560\" src=\"https:\/\/gustavosilvestre.com.br\/wp-content\/uploads\/2025\/04\/Copia-de-DSC06270-scaled.jpg\" alt=\"\" class=\"wp-image-775\" srcset=\"https:\/\/gustavosilvestre.com.br\/wp-content\/uploads\/2025\/04\/Copia-de-DSC06270-scaled.jpg 1707w, https:\/\/gustavosilvestre.com.br\/wp-content\/uploads\/2025\/04\/Copia-de-DSC06270-200x300.jpg 200w, https:\/\/gustavosilvestre.com.br\/wp-content\/uploads\/2025\/04\/Copia-de-DSC06270-683x1024.jpg 683w, https:\/\/gustavosilvestre.com.br\/wp-content\/uploads\/2025\/04\/Copia-de-DSC06270-768x1152.jpg 768w, https:\/\/gustavosilvestre.com.br\/wp-content\/uploads\/2025\/04\/Copia-de-DSC06270-1024x1536.jpg 1024w, https:\/\/gustavosilvestre.com.br\/wp-content\/uploads\/2025\/04\/Copia-de-DSC06270-1365x2048.jpg 1365w\" sizes=\"auto, (max-width: 1707px) 100vw, 1707px\" \/><\/figure>\n\n\n\n<figure class=\"wp-block-image alignwide size-full wp-container-content-6a6f6583\"><img loading=\"lazy\" decoding=\"async\" width=\"1707\" height=\"2560\" src=\"https:\/\/gustavosilvestre.com.br\/wp-content\/uploads\/2025\/04\/DSC08698-scaled.jpg\" alt=\"\" class=\"wp-image-785\" srcset=\"https:\/\/gustavosilvestre.com.br\/wp-content\/uploads\/2025\/04\/DSC08698-scaled.jpg 1707w, https:\/\/gustavosilvestre.com.br\/wp-content\/uploads\/2025\/04\/DSC08698-200x300.jpg 200w, https:\/\/gustavosilvestre.com.br\/wp-content\/uploads\/2025\/04\/DSC08698-683x1024.jpg 683w, https:\/\/gustavosilvestre.com.br\/wp-content\/uploads\/2025\/04\/DSC08698-768x1152.jpg 768w, https:\/\/gustavosilvestre.com.br\/wp-content\/uploads\/2025\/04\/DSC08698-1024x1536.jpg 1024w, https:\/\/gustavosilvestre.com.br\/wp-content\/uploads\/2025\/04\/DSC08698-1365x2048.jpg 1365w\" sizes=\"auto, (max-width: 1707px) 100vw, 1707px\" \/><\/figure>\n<\/div>\n\n\n\n<div class=\"wp-block-group alignwide is-nowrap is-layout-flex wp-container-core-group-is-layout-59d74a75 wp-block-group-is-layout-flex\" style=\"margin-top:var(--wp--preset--spacing--80);margin-bottom:var(--wp--preset--spacing--80)\">\n<figure class=\"wp-block-image alignwide size-full wp-container-content-6a6f6583\"><img loading=\"lazy\" decoding=\"async\" width=\"1707\" height=\"2560\" src=\"https:\/\/gustavosilvestre.com.br\/wp-content\/uploads\/2025\/04\/DSC08648-scaled.jpg\" alt=\"\" class=\"wp-image-784\" srcset=\"https:\/\/gustavosilvestre.com.br\/wp-content\/uploads\/2025\/04\/DSC08648-scaled.jpg 1707w, https:\/\/gustavosilvestre.com.br\/wp-content\/uploads\/2025\/04\/DSC08648-200x300.jpg 200w, https:\/\/gustavosilvestre.com.br\/wp-content\/uploads\/2025\/04\/DSC08648-683x1024.jpg 683w, https:\/\/gustavosilvestre.com.br\/wp-content\/uploads\/2025\/04\/DSC08648-768x1152.jpg 768w, https:\/\/gustavosilvestre.com.br\/wp-content\/uploads\/2025\/04\/DSC08648-1024x1536.jpg 1024w, https:\/\/gustavosilvestre.com.br\/wp-content\/uploads\/2025\/04\/DSC08648-1365x2048.jpg 1365w\" sizes=\"auto, (max-width: 1707px) 100vw, 1707px\" \/><\/figure>\n\n\n\n<figure class=\"wp-block-image alignwide size-full wp-container-content-6a6f6583\"><img loading=\"lazy\" decoding=\"async\" width=\"1707\" height=\"2560\" src=\"https:\/\/gustavosilvestre.com.br\/wp-content\/uploads\/2025\/04\/DSC06290-scaled.jpg\" alt=\"\" class=\"wp-image-783\" srcset=\"https:\/\/gustavosilvestre.com.br\/wp-content\/uploads\/2025\/04\/DSC06290-scaled.jpg 1707w, https:\/\/gustavosilvestre.com.br\/wp-content\/uploads\/2025\/04\/DSC06290-200x300.jpg 200w, https:\/\/gustavosilvestre.com.br\/wp-content\/uploads\/2025\/04\/DSC06290-683x1024.jpg 683w, https:\/\/gustavosilvestre.com.br\/wp-content\/uploads\/2025\/04\/DSC06290-768x1152.jpg 768w, https:\/\/gustavosilvestre.com.br\/wp-content\/uploads\/2025\/04\/DSC06290-1024x1536.jpg 1024w, https:\/\/gustavosilvestre.com.br\/wp-content\/uploads\/2025\/04\/DSC06290-1365x2048.jpg 1365w\" sizes=\"auto, (max-width: 1707px) 100vw, 1707px\" \/><\/figure>\n<\/div>\n<\/div>\n\n\n\n<div class=\"wp-block-group alignwide has-global-padding is-layout-constrained wp-block-group-is-layout-constrained\">\n<hr class=\"wp-block-separator has-text-color has-contrast-color has-alpha-channel-opacity has-contrast-background-color has-background\" style=\"margin-top:var(--wp--preset--spacing--40);margin-bottom:var(--wp--preset--spacing--40)\"\/>\n<\/div>\n\n\n\n<div style=\"height:32px\" aria-hidden=\"true\" class=\"wp-block-spacer\"><\/div>","protected":false},"excerpt":{"rendered":"<p>Est\u00fadio O Est\u00fadio Silvestre \u00e9 um espa\u00e7o destinado a cria\u00e7\u00e3o e manuten\u00e7\u00e3o dos trabalhos art\u00edsticos do artista Gustavo Silvestre e a operacionaliza\u00e7\u00e3o da empresa em todas as suas esferas. Situado no munic\u00edpio de Aparecida de Goi\u00e2nia\/GO, o espa\u00e7o \u00e9 divido em tr\u00eas ambientes, sendo eles: Escrit\u00f3rio Local de trabalho de parte da equipe presencialmente, onde [&hellip;]<\/p>","protected":false},"author":1,"featured_media":0,"parent":0,"menu_order":0,"comment_status":"closed","ping_status":"closed","template":"","meta":{"_uag_custom_page_level_css":"","footnotes":""},"class_list":["post-729","page","type-page","status-publish","hentry"],"uagb_featured_image_src":{"full":false,"thumbnail":false,"medium":false,"medium_large":false,"large":false,"1536x1536":false,"2048x2048":false,"trp-custom-language-flag":false},"uagb_author_info":{"display_name":"borisrodriguesweb@gmail.com","author_link":"https:\/\/gustavosilvestre.com.br\/en\/author\/borisrodrigueswebgmail-com\/"},"uagb_comment_info":0,"uagb_excerpt":"Est\u00fadio O Est\u00fadio Silvestre \u00e9 um espa\u00e7o destinado a cria\u00e7\u00e3o e manuten\u00e7\u00e3o dos trabalhos art\u00edsticos do artista Gustavo Silvestre e a operacionaliza\u00e7\u00e3o da empresa em todas as suas esferas. Situado no munic\u00edpio de Aparecida de Goi\u00e2nia\/GO, o espa\u00e7o \u00e9 divido em tr\u00eas ambientes, sendo eles: Escrit\u00f3rio Local de trabalho de parte da equipe presencialmente, onde&hellip;","_links":{"self":[{"href":"https:\/\/gustavosilvestre.com.br\/en\/wp-json\/wp\/v2\/pages\/729","targetHints":{"allow":["GET"]}}],"collection":[{"href":"https:\/\/gustavosilvestre.com.br\/en\/wp-json\/wp\/v2\/pages"}],"about":[{"href":"https:\/\/gustavosilvestre.com.br\/en\/wp-json\/wp\/v2\/types\/page"}],"author":[{"embeddable":true,"href":"https:\/\/gustavosilvestre.com.br\/en\/wp-json\/wp\/v2\/users\/1"}],"replies":[{"embeddable":true,"href":"https:\/\/gustavosilvestre.com.br\/en\/wp-json\/wp\/v2\/comments?post=729"}],"version-history":[{"count":6,"href":"https:\/\/gustavosilvestre.com.br\/en\/wp-json\/wp\/v2\/pages\/729\/revisions"}],"predecessor-version":[{"id":1199,"href":"https:\/\/gustavosilvestre.com.br\/en\/wp-json\/wp\/v2\/pages\/729\/revisions\/1199"}],"wp:attachment":[{"href":"https:\/\/gustavosilvestre.com.br\/en\/wp-json\/wp\/v2\/media?parent=729"}],"curies":[{"name":"wp","href":"https:\/\/api.w.org\/{rel}","templated":true}]}}